{"id":193,"date":"2025-08-22T12:19:16","date_gmt":"2025-08-22T12:19:16","guid":{"rendered":"https:\/\/spinsamurai.team\/canada\/?page_id=193"},"modified":"2025-09-29T20:01:12","modified_gmt":"2025-09-29T20:01:12","slug":"app","status":"publish","type":"page","link":"https:\/\/spinsamurai.team\/canada\/app\/","title":{"rendered":"Application"},"content":{"rendered":"","protected":false},"excerpt":{"rendered":"","protected":false},"author":1,"featured_media":0,"parent":0,"menu_order":0,"comment_status":"closed","ping_status":"closed","template":"","meta":{"footnotes":""},"class_list":["post-193","page","type-page","status-publish","hentry"],"yoast_head":"<!-- This site is optimized with the Yoast SEO plugin v26.5 - https:\/\/yoast.com\/wordpress\/plugins\/seo\/ -->\n<title>T\u00e9l\u00e9chargez l&#039;application Spin Samurai Casino pour Android et iOS<\/title>\n<meta name=\"description\" content=\"T\u00e9l\u00e9chargez l&#039;application Spin Samurai Canada pour Android et iOS et profitez de jeux de casino passionnants \u00e0 tout moment, o\u00f9 que vous soyez ! B\u00e9n\u00e9ficiez de bonus exclusifs, d&#039;un acc\u00e8s facile aux machines \u00e0 sous et aux jeux de table, ainsi que d&#039;une assistance 24h\/24 et 7j\/7.\" \/>\n<meta name=\"robots\" content=\"index, follow, max-snippet:-1, max-image-preview:large, max-video-preview:-1\" \/>\n<meta property=\"og:locale\" content=\"fr_CA\" \/>\n<meta property=\"og:type\" content=\"article\" \/>\n<meta property=\"og:title\" content=\"T\u00e9l\u00e9chargez l&#039;application Spin Samurai Casino pour Android et iOS\" \/>\n<meta property=\"og:description\" content=\"T\u00e9l\u00e9chargez l&#039;application Spin Samurai Canada pour Android et iOS et profitez de jeux de casino passionnants \u00e0 tout moment, o\u00f9 que vous soyez ! B\u00e9n\u00e9ficiez de bonus exclusifs, d&#039;un acc\u00e8s facile aux machines \u00e0 sous et aux jeux de table, ainsi que d&#039;une assistance 24h\/24 et 7j\/7.\" \/>\n<meta property=\"og:url\" content=\"https:\/\/spinsamurai.team\/canada\/app\/\" \/>\n<meta property=\"og:site_name\" content=\"Spinsamurai Team ca\" \/>\n<meta property=\"article:modified_time\" content=\"2025-09-29T20:01:12+00:00\" \/>\n<meta name=\"twitter:card\" content=\"summary_large_image\" \/>\n<script type=\"application\/ld+json\" class=\"yoast-schema-graph\">{\"@context\":\"https:\/\/schema.org\",\"@graph\":[{\"@type\":\"WebPage\",\"@id\":\"https:\/\/spinsamurai.team\/canada\/app\/\",\"url\":\"https:\/\/spinsamurai.team\/canada\/app\/\",\"name\":\"T\u00e9l\u00e9chargez l'application Spin Samurai Casino pour Android et iOS\",\"isPartOf\":{\"@id\":\"https:\/\/spinsamurai.team\/canada\/#website\"},\"datePublished\":\"2025-08-22T12:19:16+00:00\",\"dateModified\":\"2025-09-29T20:01:12+00:00\",\"description\":\"T\u00e9l\u00e9chargez l'application Spin Samurai Canada pour Android et iOS et profitez de jeux de casino passionnants \u00e0 tout moment, o\u00f9 que vous soyez ! B\u00e9n\u00e9ficiez de bonus exclusifs, d'un acc\u00e8s facile aux machines \u00e0 sous et aux jeux de table, ainsi que d'une assistance 24h\/24 et 7j\/7.\",\"breadcrumb\":{\"@id\":\"https:\/\/spinsamurai.team\/canada\/app\/#breadcrumb\"},\"inLanguage\":\"fr-CA\",\"potentialAction\":[{\"@type\":\"ReadAction\",\"target\":[\"https:\/\/spinsamurai.team\/canada\/app\/\"]}]},{\"@type\":\"BreadcrumbList\",\"@id\":\"https:\/\/spinsamurai.team\/canada\/app\/#breadcrumb\",\"itemListElement\":[{\"@type\":\"ListItem\",\"position\":1,\"name\":\"Home\",\"item\":\"https:\/\/spinsamurai.team\/canada\/\"},{\"@type\":\"ListItem\",\"position\":2,\"name\":\"Application\"}]},{\"@type\":\"WebSite\",\"@id\":\"https:\/\/spinsamurai.team\/canada\/#website\",\"url\":\"https:\/\/spinsamurai.team\/canada\/\",\"name\":\"Spinsamurai Team ca\",\"description\":\"My WordPress Blog\",\"potentialAction\":[{\"@type\":\"SearchAction\",\"target\":{\"@type\":\"EntryPoint\",\"urlTemplate\":\"https:\/\/spinsamurai.team\/canada\/?s={search_term_string}\"},\"query-input\":{\"@type\":\"PropertyValueSpecification\",\"valueRequired\":true,\"valueName\":\"search_term_string\"}}],\"inLanguage\":\"fr-CA\"}]}<\/script>\n<!-- \/ Yoast SEO plugin. -->","yoast_head_json":{"title":"T\u00e9l\u00e9chargez l'application Spin Samurai Casino pour Android et iOS","description":"T\u00e9l\u00e9chargez l'application Spin Samurai Canada pour Android et iOS et profitez de jeux de casino passionnants \u00e0 tout moment, o\u00f9 que vous soyez ! B\u00e9n\u00e9ficiez de bonus exclusifs, d'un acc\u00e8s facile aux machines \u00e0 sous et aux jeux de table, ainsi que d'une assistance 24h\/24 et 7j\/7.","robots":{"index":"index","follow":"follow","max-snippet":"max-snippet:-1","max-image-preview":"max-image-preview:large","max-video-preview":"max-video-preview:-1"},"og_locale":"fr_CA","og_type":"article","og_title":"T\u00e9l\u00e9chargez l'application Spin Samurai Casino pour Android et iOS","og_description":"T\u00e9l\u00e9chargez l'application Spin Samurai Canada pour Android et iOS et profitez de jeux de casino passionnants \u00e0 tout moment, o\u00f9 que vous soyez ! B\u00e9n\u00e9ficiez de bonus exclusifs, d'un acc\u00e8s facile aux machines \u00e0 sous et aux jeux de table, ainsi que d'une assistance 24h\/24 et 7j\/7.","og_url":"https:\/\/spinsamurai.team\/canada\/app\/","og_site_name":"Spinsamurai Team ca","article_modified_time":"2025-09-29T20:01:12+00:00","twitter_card":"summary_large_image","schema":{"@context":"https:\/\/schema.org","@graph":[{"@type":"WebPage","@id":"https:\/\/spinsamurai.team\/canada\/app\/","url":"https:\/\/spinsamurai.team\/canada\/app\/","name":"T\u00e9l\u00e9chargez l'application Spin Samurai Casino pour Android et iOS","isPartOf":{"@id":"https:\/\/spinsamurai.team\/canada\/#website"},"datePublished":"2025-08-22T12:19:16+00:00","dateModified":"2025-09-29T20:01:12+00:00","description":"T\u00e9l\u00e9chargez l'application Spin Samurai Canada pour Android et iOS et profitez de jeux de casino passionnants \u00e0 tout moment, o\u00f9 que vous soyez ! B\u00e9n\u00e9ficiez de bonus exclusifs, d'un acc\u00e8s facile aux machines \u00e0 sous et aux jeux de table, ainsi que d'une assistance 24h\/24 et 7j\/7.","breadcrumb":{"@id":"https:\/\/spinsamurai.team\/canada\/app\/#breadcrumb"},"inLanguage":"fr-CA","potentialAction":[{"@type":"ReadAction","target":["https:\/\/spinsamurai.team\/canada\/app\/"]}]},{"@type":"BreadcrumbList","@id":"https:\/\/spinsamurai.team\/canada\/app\/#breadcrumb","itemListElement":[{"@type":"ListItem","position":1,"name":"Home","item":"https:\/\/spinsamurai.team\/canada\/"},{"@type":"ListItem","position":2,"name":"Application"}]},{"@type":"WebSite","@id":"https:\/\/spinsamurai.team\/canada\/#website","url":"https:\/\/spinsamurai.team\/canada\/","name":"Spinsamurai Team ca","description":"My WordPress Blog","potentialAction":[{"@type":"SearchAction","target":{"@type":"EntryPoint","urlTemplate":"https:\/\/spinsamurai.team\/canada\/?s={search_term_string}"},"query-input":{"@type":"PropertyValueSpecification","valueRequired":true,"valueName":"search_term_string"}}],"inLanguage":"fr-CA"}]}},"_links":{"self":[{"href":"https:\/\/spinsamurai.team\/canada\/wp-json\/wp\/v2\/pages\/193","targetHints":{"allow":["GET"]}}],"collection":[{"href":"https:\/\/spinsamurai.team\/canada\/wp-json\/wp\/v2\/pages"}],"about":[{"href":"https:\/\/spinsamurai.team\/canada\/wp-json\/wp\/v2\/types\/page"}],"author":[{"embeddable":true,"href":"https:\/\/spinsamurai.team\/canada\/wp-json\/wp\/v2\/users\/1"}],"replies":[{"embeddable":true,"href":"https:\/\/spinsamurai.team\/canada\/wp-json\/wp\/v2\/comments?post=193"}],"version-history":[{"count":11,"href":"https:\/\/spinsamurai.team\/canada\/wp-json\/wp\/v2\/pages\/193\/revisions"}],"predecessor-version":[{"id":495,"href":"https:\/\/spinsamurai.team\/canada\/wp-json\/wp\/v2\/pages\/193\/revisions\/495"}],"wp:attachment":[{"href":"https:\/\/spinsamurai.team\/canada\/wp-json\/wp\/v2\/media?parent=193"}],"curies":[{"name":"wp","href":"https:\/\/api.w.org\/{rel}","templated":true}]}}