{"id":230,"date":"2025-08-25T09:54:01","date_gmt":"2025-08-25T09:54:01","guid":{"rendered":"https:\/\/spinsamurai.team\/canada\/?page_id=230"},"modified":"2025-09-29T20:03:36","modified_gmt":"2025-09-29T20:03:36","slug":"no-deposit-bonus","status":"publish","type":"page","link":"https:\/\/spinsamurai.team\/canada\/no-deposit-bonus\/","title":{"rendered":"Bonus sans d\u00e9p\u00f4t"},"content":{"rendered":"","protected":false},"excerpt":{"rendered":"","protected":false},"author":1,"featured_media":0,"parent":0,"menu_order":0,"comment_status":"closed","ping_status":"closed","template":"","meta":{"footnotes":""},"class_list":["post-230","page","type-page","status-publish","hentry"],"yoast_head":"<!-- This site is optimized with the Yoast SEO plugin v26.5 - https:\/\/yoast.com\/wordpress\/plugins\/seo\/ -->\n<title>Spin Samurai Bonus sans d\u00e9p\u00f4t | R\u00e9compenses gratuites!<\/title>\n<meta name=\"description\" content=\"Optimisez votre exp\u00e9rience de jeu au Spin Samurai Canada Casino gr\u00e2ce \u00e0 des bonus exclusifs sans d\u00e9p\u00f4t! Comment obtenir d\u00e8s aujourd&#039;hui vos tours gratuits et vos bonus en esp\u00e8ces? Ne manquez pas les meilleures offres disponibles pour les nouveaux joueurs!\" \/>\n<meta name=\"robots\" content=\"index, follow, max-snippet:-1, max-image-preview:large, max-video-preview:-1\" \/>\n<meta property=\"og:locale\" content=\"fr_CA\" \/>\n<meta property=\"og:type\" content=\"article\" \/>\n<meta property=\"og:title\" content=\"Spin Samurai Bonus sans d\u00e9p\u00f4t | R\u00e9compenses gratuites!\" \/>\n<meta property=\"og:description\" content=\"Optimisez votre exp\u00e9rience de jeu au Spin Samurai Canada Casino gr\u00e2ce \u00e0 des bonus exclusifs sans d\u00e9p\u00f4t! Comment obtenir d\u00e8s aujourd&#039;hui vos tours gratuits et vos bonus en esp\u00e8ces? Ne manquez pas les meilleures offres disponibles pour les nouveaux joueurs!\" \/>\n<meta property=\"og:url\" content=\"https:\/\/spinsamurai.team\/canada\/no-deposit-bonus\/\" \/>\n<meta property=\"og:site_name\" content=\"Spinsamurai Team ca\" \/>\n<meta property=\"article:modified_time\" content=\"2025-09-29T20:03:36+00:00\" \/>\n<meta name=\"twitter:card\" content=\"summary_large_image\" \/>\n<script type=\"application\/ld+json\" class=\"yoast-schema-graph\">{\"@context\":\"https:\/\/schema.org\",\"@graph\":[{\"@type\":\"WebPage\",\"@id\":\"https:\/\/spinsamurai.team\/canada\/no-deposit-bonus\/\",\"url\":\"https:\/\/spinsamurai.team\/canada\/no-deposit-bonus\/\",\"name\":\"Spin Samurai Bonus sans d\u00e9p\u00f4t | R\u00e9compenses gratuites!\",\"isPartOf\":{\"@id\":\"https:\/\/spinsamurai.team\/canada\/#website\"},\"datePublished\":\"2025-08-25T09:54:01+00:00\",\"dateModified\":\"2025-09-29T20:03:36+00:00\",\"description\":\"Optimisez votre exp\u00e9rience de jeu au Spin Samurai Canada Casino gr\u00e2ce \u00e0 des bonus exclusifs sans d\u00e9p\u00f4t! Comment obtenir d\u00e8s aujourd'hui vos tours gratuits et vos bonus en esp\u00e8ces? Ne manquez pas les meilleures offres disponibles pour les nouveaux joueurs!\",\"breadcrumb\":{\"@id\":\"https:\/\/spinsamurai.team\/canada\/no-deposit-bonus\/#breadcrumb\"},\"inLanguage\":\"fr-CA\",\"potentialAction\":[{\"@type\":\"ReadAction\",\"target\":[\"https:\/\/spinsamurai.team\/canada\/no-deposit-bonus\/\"]}]},{\"@type\":\"BreadcrumbList\",\"@id\":\"https:\/\/spinsamurai.team\/canada\/no-deposit-bonus\/#breadcrumb\",\"itemListElement\":[{\"@type\":\"ListItem\",\"position\":1,\"name\":\"Home\",\"item\":\"https:\/\/spinsamurai.team\/canada\/\"},{\"@type\":\"ListItem\",\"position\":2,\"name\":\"Bonus sans d\u00e9p\u00f4t\"}]},{\"@type\":\"WebSite\",\"@id\":\"https:\/\/spinsamurai.team\/canada\/#website\",\"url\":\"https:\/\/spinsamurai.team\/canada\/\",\"name\":\"Spinsamurai Team ca\",\"description\":\"My WordPress Blog\",\"potentialAction\":[{\"@type\":\"SearchAction\",\"target\":{\"@type\":\"EntryPoint\",\"urlTemplate\":\"https:\/\/spinsamurai.team\/canada\/?s={search_term_string}\"},\"query-input\":{\"@type\":\"PropertyValueSpecification\",\"valueRequired\":true,\"valueName\":\"search_term_string\"}}],\"inLanguage\":\"fr-CA\"}]}<\/script>\n<!-- \/ Yoast SEO plugin. -->","yoast_head_json":{"title":"Spin Samurai Bonus sans d\u00e9p\u00f4t | R\u00e9compenses gratuites!","description":"Optimisez votre exp\u00e9rience de jeu au Spin Samurai Canada Casino gr\u00e2ce \u00e0 des bonus exclusifs sans d\u00e9p\u00f4t! Comment obtenir d\u00e8s aujourd'hui vos tours gratuits et vos bonus en esp\u00e8ces? Ne manquez pas les meilleures offres disponibles pour les nouveaux joueurs!","robots":{"index":"index","follow":"follow","max-snippet":"max-snippet:-1","max-image-preview":"max-image-preview:large","max-video-preview":"max-video-preview:-1"},"og_locale":"fr_CA","og_type":"article","og_title":"Spin Samurai Bonus sans d\u00e9p\u00f4t | R\u00e9compenses gratuites!","og_description":"Optimisez votre exp\u00e9rience de jeu au Spin Samurai Canada Casino gr\u00e2ce \u00e0 des bonus exclusifs sans d\u00e9p\u00f4t! Comment obtenir d\u00e8s aujourd'hui vos tours gratuits et vos bonus en esp\u00e8ces? Ne manquez pas les meilleures offres disponibles pour les nouveaux joueurs!","og_url":"https:\/\/spinsamurai.team\/canada\/no-deposit-bonus\/","og_site_name":"Spinsamurai Team ca","article_modified_time":"2025-09-29T20:03:36+00:00","twitter_card":"summary_large_image","schema":{"@context":"https:\/\/schema.org","@graph":[{"@type":"WebPage","@id":"https:\/\/spinsamurai.team\/canada\/no-deposit-bonus\/","url":"https:\/\/spinsamurai.team\/canada\/no-deposit-bonus\/","name":"Spin Samurai Bonus sans d\u00e9p\u00f4t | R\u00e9compenses gratuites!","isPartOf":{"@id":"https:\/\/spinsamurai.team\/canada\/#website"},"datePublished":"2025-08-25T09:54:01+00:00","dateModified":"2025-09-29T20:03:36+00:00","description":"Optimisez votre exp\u00e9rience de jeu au Spin Samurai Canada Casino gr\u00e2ce \u00e0 des bonus exclusifs sans d\u00e9p\u00f4t! Comment obtenir d\u00e8s aujourd'hui vos tours gratuits et vos bonus en esp\u00e8ces? Ne manquez pas les meilleures offres disponibles pour les nouveaux joueurs!","breadcrumb":{"@id":"https:\/\/spinsamurai.team\/canada\/no-deposit-bonus\/#breadcrumb"},"inLanguage":"fr-CA","potentialAction":[{"@type":"ReadAction","target":["https:\/\/spinsamurai.team\/canada\/no-deposit-bonus\/"]}]},{"@type":"BreadcrumbList","@id":"https:\/\/spinsamurai.team\/canada\/no-deposit-bonus\/#breadcrumb","itemListElement":[{"@type":"ListItem","position":1,"name":"Home","item":"https:\/\/spinsamurai.team\/canada\/"},{"@type":"ListItem","position":2,"name":"Bonus sans d\u00e9p\u00f4t"}]},{"@type":"WebSite","@id":"https:\/\/spinsamurai.team\/canada\/#website","url":"https:\/\/spinsamurai.team\/canada\/","name":"Spinsamurai Team ca","description":"My WordPress Blog","potentialAction":[{"@type":"SearchAction","target":{"@type":"EntryPoint","urlTemplate":"https:\/\/spinsamurai.team\/canada\/?s={search_term_string}"},"query-input":{"@type":"PropertyValueSpecification","valueRequired":true,"valueName":"search_term_string"}}],"inLanguage":"fr-CA"}]}},"_links":{"self":[{"href":"https:\/\/spinsamurai.team\/canada\/wp-json\/wp\/v2\/pages\/230","targetHints":{"allow":["GET"]}}],"collection":[{"href":"https:\/\/spinsamurai.team\/canada\/wp-json\/wp\/v2\/pages"}],"about":[{"href":"https:\/\/spinsamurai.team\/canada\/wp-json\/wp\/v2\/types\/page"}],"author":[{"embeddable":true,"href":"https:\/\/spinsamurai.team\/canada\/wp-json\/wp\/v2\/users\/1"}],"replies":[{"embeddable":true,"href":"https:\/\/spinsamurai.team\/canada\/wp-json\/wp\/v2\/comments?post=230"}],"version-history":[{"count":10,"href":"https:\/\/spinsamurai.team\/canada\/wp-json\/wp\/v2\/pages\/230\/revisions"}],"predecessor-version":[{"id":513,"href":"https:\/\/spinsamurai.team\/canada\/wp-json\/wp\/v2\/pages\/230\/revisions\/513"}],"wp:attachment":[{"href":"https:\/\/spinsamurai.team\/canada\/wp-json\/wp\/v2\/media?parent=230"}],"curies":[{"name":"wp","href":"https:\/\/api.w.org\/{rel}","templated":true}]}}