{"id":290,"date":"2025-09-10T04:17:57","date_gmt":"2025-09-10T04:17:57","guid":{"rendered":"https:\/\/spinsamurai.team\/canada\/?page_id=290"},"modified":"2025-09-29T20:11:14","modified_gmt":"2025-09-29T20:11:14","slug":"login","status":"publish","type":"page","link":"https:\/\/spinsamurai.team\/canada\/login\/","title":{"rendered":"Connexion"},"content":{"rendered":"","protected":false},"excerpt":{"rendered":"","protected":false},"author":1,"featured_media":0,"parent":0,"menu_order":0,"comment_status":"closed","ping_status":"closed","template":"","meta":{"footnotes":""},"class_list":["post-290","page","type-page","status-publish","hentry"],"yoast_head":"<!-- This site is optimized with the Yoast SEO plugin v26.5 - https:\/\/yoast.com\/wordpress\/plugins\/seo\/ -->\n<title>Connexion \u00e0 Spin Samurai | Guide d&#039;acc\u00e8s \u00e0 votre compte<\/title>\n<meta name=\"description\" content=\"Comment se connecter \u00e0 Spin Samurai Canada: guide d&#039;autorisation pour d\u00e9poser des fonds, retirer des fonds et participer \u00e0 des promotions.\" \/>\n<meta name=\"robots\" content=\"index, follow, max-snippet:-1, max-image-preview:large, max-video-preview:-1\" \/>\n<meta property=\"og:locale\" content=\"fr_CA\" \/>\n<meta property=\"og:type\" content=\"article\" \/>\n<meta property=\"og:title\" content=\"Connexion \u00e0 Spin Samurai | Guide d&#039;acc\u00e8s \u00e0 votre compte\" \/>\n<meta property=\"og:description\" content=\"Comment se connecter \u00e0 Spin Samurai Canada: guide d&#039;autorisation pour d\u00e9poser des fonds, retirer des fonds et participer \u00e0 des promotions.\" \/>\n<meta property=\"og:url\" content=\"https:\/\/spinsamurai.team\/canada\/login\/\" \/>\n<meta property=\"og:site_name\" content=\"Spinsamurai Team ca\" \/>\n<meta property=\"article:modified_time\" content=\"2025-09-29T20:11:14+00:00\" \/>\n<meta name=\"twitter:card\" content=\"summary_large_image\" \/>\n<script type=\"application\/ld+json\" class=\"yoast-schema-graph\">{\"@context\":\"https:\/\/schema.org\",\"@graph\":[{\"@type\":\"WebPage\",\"@id\":\"https:\/\/spinsamurai.team\/canada\/login\/\",\"url\":\"https:\/\/spinsamurai.team\/canada\/login\/\",\"name\":\"Connexion \u00e0 Spin Samurai | Guide d'acc\u00e8s \u00e0 votre compte\",\"isPartOf\":{\"@id\":\"https:\/\/spinsamurai.team\/canada\/#website\"},\"datePublished\":\"2025-09-10T04:17:57+00:00\",\"dateModified\":\"2025-09-29T20:11:14+00:00\",\"description\":\"Comment se connecter \u00e0 Spin Samurai Canada: guide d'autorisation pour d\u00e9poser des fonds, retirer des fonds et participer \u00e0 des promotions.\",\"breadcrumb\":{\"@id\":\"https:\/\/spinsamurai.team\/canada\/login\/#breadcrumb\"},\"inLanguage\":\"fr-CA\",\"potentialAction\":[{\"@type\":\"ReadAction\",\"target\":[\"https:\/\/spinsamurai.team\/canada\/login\/\"]}]},{\"@type\":\"BreadcrumbList\",\"@id\":\"https:\/\/spinsamurai.team\/canada\/login\/#breadcrumb\",\"itemListElement\":[{\"@type\":\"ListItem\",\"position\":1,\"name\":\"Home\",\"item\":\"https:\/\/spinsamurai.team\/canada\/\"},{\"@type\":\"ListItem\",\"position\":2,\"name\":\"Connexion\"}]},{\"@type\":\"WebSite\",\"@id\":\"https:\/\/spinsamurai.team\/canada\/#website\",\"url\":\"https:\/\/spinsamurai.team\/canada\/\",\"name\":\"Spinsamurai Team ca\",\"description\":\"My WordPress Blog\",\"potentialAction\":[{\"@type\":\"SearchAction\",\"target\":{\"@type\":\"EntryPoint\",\"urlTemplate\":\"https:\/\/spinsamurai.team\/canada\/?s={search_term_string}\"},\"query-input\":{\"@type\":\"PropertyValueSpecification\",\"valueRequired\":true,\"valueName\":\"search_term_string\"}}],\"inLanguage\":\"fr-CA\"}]}<\/script>\n<!-- \/ Yoast SEO plugin. -->","yoast_head_json":{"title":"Connexion \u00e0 Spin Samurai | Guide d'acc\u00e8s \u00e0 votre compte","description":"Comment se connecter \u00e0 Spin Samurai Canada: guide d'autorisation pour d\u00e9poser des fonds, retirer des fonds et participer \u00e0 des promotions.","robots":{"index":"index","follow":"follow","max-snippet":"max-snippet:-1","max-image-preview":"max-image-preview:large","max-video-preview":"max-video-preview:-1"},"og_locale":"fr_CA","og_type":"article","og_title":"Connexion \u00e0 Spin Samurai | Guide d'acc\u00e8s \u00e0 votre compte","og_description":"Comment se connecter \u00e0 Spin Samurai Canada: guide d'autorisation pour d\u00e9poser des fonds, retirer des fonds et participer \u00e0 des promotions.","og_url":"https:\/\/spinsamurai.team\/canada\/login\/","og_site_name":"Spinsamurai Team ca","article_modified_time":"2025-09-29T20:11:14+00:00","twitter_card":"summary_large_image","schema":{"@context":"https:\/\/schema.org","@graph":[{"@type":"WebPage","@id":"https:\/\/spinsamurai.team\/canada\/login\/","url":"https:\/\/spinsamurai.team\/canada\/login\/","name":"Connexion \u00e0 Spin Samurai | Guide d'acc\u00e8s \u00e0 votre compte","isPartOf":{"@id":"https:\/\/spinsamurai.team\/canada\/#website"},"datePublished":"2025-09-10T04:17:57+00:00","dateModified":"2025-09-29T20:11:14+00:00","description":"Comment se connecter \u00e0 Spin Samurai Canada: guide d'autorisation pour d\u00e9poser des fonds, retirer des fonds et participer \u00e0 des promotions.","breadcrumb":{"@id":"https:\/\/spinsamurai.team\/canada\/login\/#breadcrumb"},"inLanguage":"fr-CA","potentialAction":[{"@type":"ReadAction","target":["https:\/\/spinsamurai.team\/canada\/login\/"]}]},{"@type":"BreadcrumbList","@id":"https:\/\/spinsamurai.team\/canada\/login\/#breadcrumb","itemListElement":[{"@type":"ListItem","position":1,"name":"Home","item":"https:\/\/spinsamurai.team\/canada\/"},{"@type":"ListItem","position":2,"name":"Connexion"}]},{"@type":"WebSite","@id":"https:\/\/spinsamurai.team\/canada\/#website","url":"https:\/\/spinsamurai.team\/canada\/","name":"Spinsamurai Team ca","description":"My WordPress Blog","potentialAction":[{"@type":"SearchAction","target":{"@type":"EntryPoint","urlTemplate":"https:\/\/spinsamurai.team\/canada\/?s={search_term_string}"},"query-input":{"@type":"PropertyValueSpecification","valueRequired":true,"valueName":"search_term_string"}}],"inLanguage":"fr-CA"}]}},"_links":{"self":[{"href":"https:\/\/spinsamurai.team\/canada\/wp-json\/wp\/v2\/pages\/290","targetHints":{"allow":["GET"]}}],"collection":[{"href":"https:\/\/spinsamurai.team\/canada\/wp-json\/wp\/v2\/pages"}],"about":[{"href":"https:\/\/spinsamurai.team\/canada\/wp-json\/wp\/v2\/types\/page"}],"author":[{"embeddable":true,"href":"https:\/\/spinsamurai.team\/canada\/wp-json\/wp\/v2\/users\/1"}],"replies":[{"embeddable":true,"href":"https:\/\/spinsamurai.team\/canada\/wp-json\/wp\/v2\/comments?post=290"}],"version-history":[{"count":12,"href":"https:\/\/spinsamurai.team\/canada\/wp-json\/wp\/v2\/pages\/290\/revisions"}],"predecessor-version":[{"id":510,"href":"https:\/\/spinsamurai.team\/canada\/wp-json\/wp\/v2\/pages\/290\/revisions\/510"}],"wp:attachment":[{"href":"https:\/\/spinsamurai.team\/canada\/wp-json\/wp\/v2\/media?parent=290"}],"curies":[{"name":"wp","href":"https:\/\/api.w.org\/{rel}","templated":true}]}}