{"id":309,"date":"2025-09-10T17:06:00","date_gmt":"2025-09-10T17:06:00","guid":{"rendered":"https:\/\/spinsamurai.team\/canada\/?page_id=309"},"modified":"2025-09-29T20:12:54","modified_gmt":"2025-09-29T20:12:54","slug":"registration","status":"publish","type":"page","link":"https:\/\/spinsamurai.team\/canada\/registration\/","title":{"rendered":"Inscription"},"content":{"rendered":"","protected":false},"excerpt":{"rendered":"","protected":false},"author":1,"featured_media":0,"parent":0,"menu_order":0,"comment_status":"closed","ping_status":"closed","template":"","meta":{"footnotes":""},"class_list":["post-309","page","type-page","status-publish","hentry"],"yoast_head":"<!-- This site is optimized with the Yoast SEO plugin v26.5 - https:\/\/yoast.com\/wordpress\/plugins\/seo\/ -->\n<title>Inscription \u00e0 un compte Spin Samurai | Rapide et s\u00e9curis\u00e9<\/title>\n<meta name=\"description\" content=\"L&#039;inscription sur Spin Samurai Canada est rapide et s\u00e9curis\u00e9e. Acc\u00e9dez \u00e0 des machines \u00e0 sous vid\u00e9o, des jeux de table et en direct, des jeux crash et des bonus de casino exclusifs.\" \/>\n<meta name=\"robots\" content=\"index, follow, max-snippet:-1, max-image-preview:large, max-video-preview:-1\" \/>\n<meta property=\"og:locale\" content=\"fr_CA\" \/>\n<meta property=\"og:type\" content=\"article\" \/>\n<meta property=\"og:title\" content=\"Inscription \u00e0 un compte Spin Samurai | Rapide et s\u00e9curis\u00e9\" \/>\n<meta property=\"og:description\" content=\"L&#039;inscription sur Spin Samurai Canada est rapide et s\u00e9curis\u00e9e. Acc\u00e9dez \u00e0 des machines \u00e0 sous vid\u00e9o, des jeux de table et en direct, des jeux crash et des bonus de casino exclusifs.\" \/>\n<meta property=\"og:url\" content=\"https:\/\/spinsamurai.team\/canada\/registration\/\" \/>\n<meta property=\"og:site_name\" content=\"Spinsamurai Team ca\" \/>\n<meta property=\"article:modified_time\" content=\"2025-09-29T20:12:54+00:00\" \/>\n<meta name=\"twitter:card\" content=\"summary_large_image\" \/>\n<script type=\"application\/ld+json\" class=\"yoast-schema-graph\">{\"@context\":\"https:\/\/schema.org\",\"@graph\":[{\"@type\":\"WebPage\",\"@id\":\"https:\/\/spinsamurai.team\/canada\/registration\/\",\"url\":\"https:\/\/spinsamurai.team\/canada\/registration\/\",\"name\":\"Inscription \u00e0 un compte Spin Samurai | Rapide et s\u00e9curis\u00e9\",\"isPartOf\":{\"@id\":\"https:\/\/spinsamurai.team\/canada\/#website\"},\"datePublished\":\"2025-09-10T17:06:00+00:00\",\"dateModified\":\"2025-09-29T20:12:54+00:00\",\"description\":\"L'inscription sur Spin Samurai Canada est rapide et s\u00e9curis\u00e9e. Acc\u00e9dez \u00e0 des machines \u00e0 sous vid\u00e9o, des jeux de table et en direct, des jeux crash et des bonus de casino exclusifs.\",\"breadcrumb\":{\"@id\":\"https:\/\/spinsamurai.team\/canada\/registration\/#breadcrumb\"},\"inLanguage\":\"fr-CA\",\"potentialAction\":[{\"@type\":\"ReadAction\",\"target\":[\"https:\/\/spinsamurai.team\/canada\/registration\/\"]}]},{\"@type\":\"BreadcrumbList\",\"@id\":\"https:\/\/spinsamurai.team\/canada\/registration\/#breadcrumb\",\"itemListElement\":[{\"@type\":\"ListItem\",\"position\":1,\"name\":\"Home\",\"item\":\"https:\/\/spinsamurai.team\/canada\/\"},{\"@type\":\"ListItem\",\"position\":2,\"name\":\"Inscription\"}]},{\"@type\":\"WebSite\",\"@id\":\"https:\/\/spinsamurai.team\/canada\/#website\",\"url\":\"https:\/\/spinsamurai.team\/canada\/\",\"name\":\"Spinsamurai Team ca\",\"description\":\"My WordPress Blog\",\"potentialAction\":[{\"@type\":\"SearchAction\",\"target\":{\"@type\":\"EntryPoint\",\"urlTemplate\":\"https:\/\/spinsamurai.team\/canada\/?s={search_term_string}\"},\"query-input\":{\"@type\":\"PropertyValueSpecification\",\"valueRequired\":true,\"valueName\":\"search_term_string\"}}],\"inLanguage\":\"fr-CA\"}]}<\/script>\n<!-- \/ Yoast SEO plugin. -->","yoast_head_json":{"title":"Inscription \u00e0 un compte Spin Samurai | Rapide et s\u00e9curis\u00e9","description":"L'inscription sur Spin Samurai Canada est rapide et s\u00e9curis\u00e9e. Acc\u00e9dez \u00e0 des machines \u00e0 sous vid\u00e9o, des jeux de table et en direct, des jeux crash et des bonus de casino exclusifs.","robots":{"index":"index","follow":"follow","max-snippet":"max-snippet:-1","max-image-preview":"max-image-preview:large","max-video-preview":"max-video-preview:-1"},"og_locale":"fr_CA","og_type":"article","og_title":"Inscription \u00e0 un compte Spin Samurai | Rapide et s\u00e9curis\u00e9","og_description":"L'inscription sur Spin Samurai Canada est rapide et s\u00e9curis\u00e9e. Acc\u00e9dez \u00e0 des machines \u00e0 sous vid\u00e9o, des jeux de table et en direct, des jeux crash et des bonus de casino exclusifs.","og_url":"https:\/\/spinsamurai.team\/canada\/registration\/","og_site_name":"Spinsamurai Team ca","article_modified_time":"2025-09-29T20:12:54+00:00","twitter_card":"summary_large_image","schema":{"@context":"https:\/\/schema.org","@graph":[{"@type":"WebPage","@id":"https:\/\/spinsamurai.team\/canada\/registration\/","url":"https:\/\/spinsamurai.team\/canada\/registration\/","name":"Inscription \u00e0 un compte Spin Samurai | Rapide et s\u00e9curis\u00e9","isPartOf":{"@id":"https:\/\/spinsamurai.team\/canada\/#website"},"datePublished":"2025-09-10T17:06:00+00:00","dateModified":"2025-09-29T20:12:54+00:00","description":"L'inscription sur Spin Samurai Canada est rapide et s\u00e9curis\u00e9e. Acc\u00e9dez \u00e0 des machines \u00e0 sous vid\u00e9o, des jeux de table et en direct, des jeux crash et des bonus de casino exclusifs.","breadcrumb":{"@id":"https:\/\/spinsamurai.team\/canada\/registration\/#breadcrumb"},"inLanguage":"fr-CA","potentialAction":[{"@type":"ReadAction","target":["https:\/\/spinsamurai.team\/canada\/registration\/"]}]},{"@type":"BreadcrumbList","@id":"https:\/\/spinsamurai.team\/canada\/registration\/#breadcrumb","itemListElement":[{"@type":"ListItem","position":1,"name":"Home","item":"https:\/\/spinsamurai.team\/canada\/"},{"@type":"ListItem","position":2,"name":"Inscription"}]},{"@type":"WebSite","@id":"https:\/\/spinsamurai.team\/canada\/#website","url":"https:\/\/spinsamurai.team\/canada\/","name":"Spinsamurai Team ca","description":"My WordPress Blog","potentialAction":[{"@type":"SearchAction","target":{"@type":"EntryPoint","urlTemplate":"https:\/\/spinsamurai.team\/canada\/?s={search_term_string}"},"query-input":{"@type":"PropertyValueSpecification","valueRequired":true,"valueName":"search_term_string"}}],"inLanguage":"fr-CA"}]}},"_links":{"self":[{"href":"https:\/\/spinsamurai.team\/canada\/wp-json\/wp\/v2\/pages\/309","targetHints":{"allow":["GET"]}}],"collection":[{"href":"https:\/\/spinsamurai.team\/canada\/wp-json\/wp\/v2\/pages"}],"about":[{"href":"https:\/\/spinsamurai.team\/canada\/wp-json\/wp\/v2\/types\/page"}],"author":[{"embeddable":true,"href":"https:\/\/spinsamurai.team\/canada\/wp-json\/wp\/v2\/users\/1"}],"replies":[{"embeddable":true,"href":"https:\/\/spinsamurai.team\/canada\/wp-json\/wp\/v2\/comments?post=309"}],"version-history":[{"count":15,"href":"https:\/\/spinsamurai.team\/canada\/wp-json\/wp\/v2\/pages\/309\/revisions"}],"predecessor-version":[{"id":518,"href":"https:\/\/spinsamurai.team\/canada\/wp-json\/wp\/v2\/pages\/309\/revisions\/518"}],"wp:attachment":[{"href":"https:\/\/spinsamurai.team\/canada\/wp-json\/wp\/v2\/media?parent=309"}],"curies":[{"name":"wp","href":"https:\/\/api.w.org\/{rel}","templated":true}]}}