{"id":543,"date":"2026-02-25T09:21:10","date_gmt":"2026-02-25T09:21:10","guid":{"rendered":"https:\/\/spinsamurai.team\/?page_id=519"},"modified":"2026-03-15T19:22:14","modified_gmt":"2026-03-15T19:22:14","slug":"sweet-bonanza","status":"publish","type":"page","link":"https:\/\/spinsamurai.team\/canada\/sweet-bonanza\/","title":{"rendered":"Sweet Bonanza"},"content":{"rendered":"","protected":false},"excerpt":{"rendered":"","protected":false},"author":1,"featured_media":0,"parent":0,"menu_order":0,"comment_status":"closed","ping_status":"closed","template":"","meta":{"footnotes":""},"class_list":["post-543","page","type-page","status-publish","hentry"],"yoast_head":"<!-- This site is optimized with the Yoast SEO plugin v26.5 - https:\/\/yoast.com\/wordpress\/plugins\/seo\/ -->\n<title>Sweet Bonanza en ligne sur SpinSamurai \u2013 Bonus et tours gratuits<\/title>\n<meta name=\"description\" content=\"Sweet Bonanza sur SpinSamurai est une machine \u00e0 sous en ligne pleine de peps, avec un jeu bonus, des multiplicateurs \u00e9lev\u00e9s et la possibilit\u00e9 de remporter de gros gains. Jouez d\u00e8s maintenant.\" \/>\n<meta name=\"robots\" content=\"index, follow, max-snippet:-1, max-image-preview:large, max-video-preview:-1\" \/>\n<meta property=\"og:locale\" content=\"fr_CA\" \/>\n<meta property=\"og:type\" content=\"article\" \/>\n<meta property=\"og:title\" content=\"Sweet Bonanza en ligne sur SpinSamurai \u2013 Bonus et tours gratuits\" \/>\n<meta property=\"og:description\" content=\"Sweet Bonanza sur SpinSamurai est une machine \u00e0 sous en ligne pleine de peps, avec un jeu bonus, des multiplicateurs \u00e9lev\u00e9s et la possibilit\u00e9 de remporter de gros gains. Jouez d\u00e8s maintenant.\" \/>\n<meta property=\"og:url\" content=\"https:\/\/spinsamurai.team\/canada\/sweet-bonanza\/\" \/>\n<meta property=\"og:site_name\" content=\"Spinsamurai Team ca\" \/>\n<meta property=\"article:modified_time\" content=\"2026-03-15T19:22:14+00:00\" \/>\n<meta name=\"twitter:card\" content=\"summary_large_image\" \/>\n<script type=\"application\/ld+json\" class=\"yoast-schema-graph\">{\"@context\":\"https:\/\/schema.org\",\"@graph\":[{\"@type\":\"WebPage\",\"@id\":\"https:\/\/spinsamurai.team\/canada\/sweet-bonanza\/\",\"url\":\"https:\/\/spinsamurai.team\/canada\/sweet-bonanza\/\",\"name\":\"Sweet Bonanza en ligne sur SpinSamurai \u2013 Bonus et tours gratuits\",\"isPartOf\":{\"@id\":\"https:\/\/spinsamurai.team\/canada\/#website\"},\"datePublished\":\"2026-02-25T09:21:10+00:00\",\"dateModified\":\"2026-03-15T19:22:14+00:00\",\"description\":\"Sweet Bonanza sur SpinSamurai est une machine \u00e0 sous en ligne pleine de peps, avec un jeu bonus, des multiplicateurs \u00e9lev\u00e9s et la possibilit\u00e9 de remporter de gros gains. Jouez d\u00e8s maintenant.\",\"breadcrumb\":{\"@id\":\"https:\/\/spinsamurai.team\/canada\/sweet-bonanza\/#breadcrumb\"},\"inLanguage\":\"fr-CA\",\"potentialAction\":[{\"@type\":\"ReadAction\",\"target\":[\"https:\/\/spinsamurai.team\/canada\/sweet-bonanza\/\"]}]},{\"@type\":\"BreadcrumbList\",\"@id\":\"https:\/\/spinsamurai.team\/canada\/sweet-bonanza\/#breadcrumb\",\"itemListElement\":[{\"@type\":\"ListItem\",\"position\":1,\"name\":\"Home\",\"item\":\"https:\/\/spinsamurai.team\/canada\/\"},{\"@type\":\"ListItem\",\"position\":2,\"name\":\"Sweet Bonanza\"}]},{\"@type\":\"WebSite\",\"@id\":\"https:\/\/spinsamurai.team\/canada\/#website\",\"url\":\"https:\/\/spinsamurai.team\/canada\/\",\"name\":\"Spinsamurai Team ca\",\"description\":\"My WordPress Blog\",\"potentialAction\":[{\"@type\":\"SearchAction\",\"target\":{\"@type\":\"EntryPoint\",\"urlTemplate\":\"https:\/\/spinsamurai.team\/canada\/?s={search_term_string}\"},\"query-input\":{\"@type\":\"PropertyValueSpecification\",\"valueRequired\":true,\"valueName\":\"search_term_string\"}}],\"inLanguage\":\"fr-CA\"}]}<\/script>\n<!-- \/ Yoast SEO plugin. -->","yoast_head_json":{"title":"Sweet Bonanza en ligne sur SpinSamurai \u2013 Bonus et tours gratuits","description":"Sweet Bonanza sur SpinSamurai est une machine \u00e0 sous en ligne pleine de peps, avec un jeu bonus, des multiplicateurs \u00e9lev\u00e9s et la possibilit\u00e9 de remporter de gros gains. Jouez d\u00e8s maintenant.","robots":{"index":"index","follow":"follow","max-snippet":"max-snippet:-1","max-image-preview":"max-image-preview:large","max-video-preview":"max-video-preview:-1"},"og_locale":"fr_CA","og_type":"article","og_title":"Sweet Bonanza en ligne sur SpinSamurai \u2013 Bonus et tours gratuits","og_description":"Sweet Bonanza sur SpinSamurai est une machine \u00e0 sous en ligne pleine de peps, avec un jeu bonus, des multiplicateurs \u00e9lev\u00e9s et la possibilit\u00e9 de remporter de gros gains. Jouez d\u00e8s maintenant.","og_url":"https:\/\/spinsamurai.team\/canada\/sweet-bonanza\/","og_site_name":"Spinsamurai Team ca","article_modified_time":"2026-03-15T19:22:14+00:00","twitter_card":"summary_large_image","schema":{"@context":"https:\/\/schema.org","@graph":[{"@type":"WebPage","@id":"https:\/\/spinsamurai.team\/canada\/sweet-bonanza\/","url":"https:\/\/spinsamurai.team\/canada\/sweet-bonanza\/","name":"Sweet Bonanza en ligne sur SpinSamurai \u2013 Bonus et tours gratuits","isPartOf":{"@id":"https:\/\/spinsamurai.team\/canada\/#website"},"datePublished":"2026-02-25T09:21:10+00:00","dateModified":"2026-03-15T19:22:14+00:00","description":"Sweet Bonanza sur SpinSamurai est une machine \u00e0 sous en ligne pleine de peps, avec un jeu bonus, des multiplicateurs \u00e9lev\u00e9s et la possibilit\u00e9 de remporter de gros gains. Jouez d\u00e8s maintenant.","breadcrumb":{"@id":"https:\/\/spinsamurai.team\/canada\/sweet-bonanza\/#breadcrumb"},"inLanguage":"fr-CA","potentialAction":[{"@type":"ReadAction","target":["https:\/\/spinsamurai.team\/canada\/sweet-bonanza\/"]}]},{"@type":"BreadcrumbList","@id":"https:\/\/spinsamurai.team\/canada\/sweet-bonanza\/#breadcrumb","itemListElement":[{"@type":"ListItem","position":1,"name":"Home","item":"https:\/\/spinsamurai.team\/canada\/"},{"@type":"ListItem","position":2,"name":"Sweet Bonanza"}]},{"@type":"WebSite","@id":"https:\/\/spinsamurai.team\/canada\/#website","url":"https:\/\/spinsamurai.team\/canada\/","name":"Spinsamurai Team ca","description":"My WordPress Blog","potentialAction":[{"@type":"SearchAction","target":{"@type":"EntryPoint","urlTemplate":"https:\/\/spinsamurai.team\/canada\/?s={search_term_string}"},"query-input":{"@type":"PropertyValueSpecification","valueRequired":true,"valueName":"search_term_string"}}],"inLanguage":"fr-CA"}]}},"_links":{"self":[{"href":"https:\/\/spinsamurai.team\/canada\/wp-json\/wp\/v2\/pages\/543","targetHints":{"allow":["GET"]}}],"collection":[{"href":"https:\/\/spinsamurai.team\/canada\/wp-json\/wp\/v2\/pages"}],"about":[{"href":"https:\/\/spinsamurai.team\/canada\/wp-json\/wp\/v2\/types\/page"}],"author":[{"embeddable":true,"href":"https:\/\/spinsamurai.team\/canada\/wp-json\/wp\/v2\/users\/1"}],"replies":[{"embeddable":true,"href":"https:\/\/spinsamurai.team\/canada\/wp-json\/wp\/v2\/comments?post=543"}],"version-history":[{"count":2,"href":"https:\/\/spinsamurai.team\/canada\/wp-json\/wp\/v2\/pages\/543\/revisions"}],"predecessor-version":[{"id":584,"href":"https:\/\/spinsamurai.team\/canada\/wp-json\/wp\/v2\/pages\/543\/revisions\/584"}],"wp:attachment":[{"href":"https:\/\/spinsamurai.team\/canada\/wp-json\/wp\/v2\/media?parent=543"}],"curies":[{"name":"wp","href":"https:\/\/api.w.org\/{rel}","templated":true}]}}