{"id":546,"date":"2026-02-25T09:59:12","date_gmt":"2026-02-25T09:59:12","guid":{"rendered":"https:\/\/spinsamurai.team\/?page_id=525"},"modified":"2026-03-14T13:43:05","modified_gmt":"2026-03-14T13:43:05","slug":"gates-of-olympus","status":"publish","type":"page","link":"https:\/\/spinsamurai.team\/canada\/gates-of-olympus\/","title":{"rendered":"Gates of Olympus"},"content":{"rendered":"","protected":false},"excerpt":{"rendered":"","protected":false},"author":1,"featured_media":0,"parent":0,"menu_order":0,"comment_status":"closed","ping_status":"closed","template":"","meta":{"footnotes":""},"class_list":["post-546","page","type-page","status-publish","hentry"],"yoast_head":"<!-- This site is optimized with the Yoast SEO plugin v26.5 - https:\/\/yoast.com\/wordpress\/plugins\/seo\/ -->\n<title>Gates of Olympus sur SpinSamurai \u2013 Bonus et multiplicateurs<\/title>\n<meta name=\"description\" content=\"\u00abGates of Olympus\u00bb sur SpinSamurai est une machine \u00e0 sous culte proposant des symboles en cascade, un jeu bonus et la possibilit\u00e9 de remporter de gros gains. Commencez \u00e0 jouer d\u00e8s maintenant.\" \/>\n<meta name=\"robots\" content=\"index, follow, max-snippet:-1, max-image-preview:large, max-video-preview:-1\" \/>\n<meta property=\"og:locale\" content=\"fr_CA\" \/>\n<meta property=\"og:type\" content=\"article\" \/>\n<meta property=\"og:title\" content=\"Gates of Olympus sur SpinSamurai \u2013 Bonus et multiplicateurs\" \/>\n<meta property=\"og:description\" content=\"\u00abGates of Olympus\u00bb sur SpinSamurai est une machine \u00e0 sous culte proposant des symboles en cascade, un jeu bonus et la possibilit\u00e9 de remporter de gros gains. Commencez \u00e0 jouer d\u00e8s maintenant.\" \/>\n<meta property=\"og:url\" content=\"https:\/\/spinsamurai.team\/canada\/gates-of-olympus\/\" \/>\n<meta property=\"og:site_name\" content=\"Spinsamurai Team ca\" \/>\n<meta property=\"article:modified_time\" content=\"2026-03-14T13:43:05+00:00\" \/>\n<meta name=\"twitter:card\" content=\"summary_large_image\" \/>\n<script type=\"application\/ld+json\" class=\"yoast-schema-graph\">{\"@context\":\"https:\/\/schema.org\",\"@graph\":[{\"@type\":\"WebPage\",\"@id\":\"https:\/\/spinsamurai.team\/canada\/gates-of-olympus\/\",\"url\":\"https:\/\/spinsamurai.team\/canada\/gates-of-olympus\/\",\"name\":\"Gates of Olympus sur SpinSamurai \u2013 Bonus et multiplicateurs\",\"isPartOf\":{\"@id\":\"https:\/\/spinsamurai.team\/canada\/#website\"},\"datePublished\":\"2026-02-25T09:59:12+00:00\",\"dateModified\":\"2026-03-14T13:43:05+00:00\",\"description\":\"\u00abGates of Olympus\u00bb sur SpinSamurai est une machine \u00e0 sous culte proposant des symboles en cascade, un jeu bonus et la possibilit\u00e9 de remporter de gros gains. Commencez \u00e0 jouer d\u00e8s maintenant.\",\"breadcrumb\":{\"@id\":\"https:\/\/spinsamurai.team\/canada\/gates-of-olympus\/#breadcrumb\"},\"inLanguage\":\"fr-CA\",\"potentialAction\":[{\"@type\":\"ReadAction\",\"target\":[\"https:\/\/spinsamurai.team\/canada\/gates-of-olympus\/\"]}]},{\"@type\":\"BreadcrumbList\",\"@id\":\"https:\/\/spinsamurai.team\/canada\/gates-of-olympus\/#breadcrumb\",\"itemListElement\":[{\"@type\":\"ListItem\",\"position\":1,\"name\":\"Home\",\"item\":\"https:\/\/spinsamurai.team\/canada\/\"},{\"@type\":\"ListItem\",\"position\":2,\"name\":\"Gates of Olympus\"}]},{\"@type\":\"WebSite\",\"@id\":\"https:\/\/spinsamurai.team\/canada\/#website\",\"url\":\"https:\/\/spinsamurai.team\/canada\/\",\"name\":\"Spinsamurai Team ca\",\"description\":\"My WordPress Blog\",\"potentialAction\":[{\"@type\":\"SearchAction\",\"target\":{\"@type\":\"EntryPoint\",\"urlTemplate\":\"https:\/\/spinsamurai.team\/canada\/?s={search_term_string}\"},\"query-input\":{\"@type\":\"PropertyValueSpecification\",\"valueRequired\":true,\"valueName\":\"search_term_string\"}}],\"inLanguage\":\"fr-CA\"}]}<\/script>\n<!-- \/ Yoast SEO plugin. -->","yoast_head_json":{"title":"Gates of Olympus sur SpinSamurai \u2013 Bonus et multiplicateurs","description":"\u00abGates of Olympus\u00bb sur SpinSamurai est une machine \u00e0 sous culte proposant des symboles en cascade, un jeu bonus et la possibilit\u00e9 de remporter de gros gains. Commencez \u00e0 jouer d\u00e8s maintenant.","robots":{"index":"index","follow":"follow","max-snippet":"max-snippet:-1","max-image-preview":"max-image-preview:large","max-video-preview":"max-video-preview:-1"},"og_locale":"fr_CA","og_type":"article","og_title":"Gates of Olympus sur SpinSamurai \u2013 Bonus et multiplicateurs","og_description":"\u00abGates of Olympus\u00bb sur SpinSamurai est une machine \u00e0 sous culte proposant des symboles en cascade, un jeu bonus et la possibilit\u00e9 de remporter de gros gains. Commencez \u00e0 jouer d\u00e8s maintenant.","og_url":"https:\/\/spinsamurai.team\/canada\/gates-of-olympus\/","og_site_name":"Spinsamurai Team ca","article_modified_time":"2026-03-14T13:43:05+00:00","twitter_card":"summary_large_image","schema":{"@context":"https:\/\/schema.org","@graph":[{"@type":"WebPage","@id":"https:\/\/spinsamurai.team\/canada\/gates-of-olympus\/","url":"https:\/\/spinsamurai.team\/canada\/gates-of-olympus\/","name":"Gates of Olympus sur SpinSamurai \u2013 Bonus et multiplicateurs","isPartOf":{"@id":"https:\/\/spinsamurai.team\/canada\/#website"},"datePublished":"2026-02-25T09:59:12+00:00","dateModified":"2026-03-14T13:43:05+00:00","description":"\u00abGates of Olympus\u00bb sur SpinSamurai est une machine \u00e0 sous culte proposant des symboles en cascade, un jeu bonus et la possibilit\u00e9 de remporter de gros gains. Commencez \u00e0 jouer d\u00e8s maintenant.","breadcrumb":{"@id":"https:\/\/spinsamurai.team\/canada\/gates-of-olympus\/#breadcrumb"},"inLanguage":"fr-CA","potentialAction":[{"@type":"ReadAction","target":["https:\/\/spinsamurai.team\/canada\/gates-of-olympus\/"]}]},{"@type":"BreadcrumbList","@id":"https:\/\/spinsamurai.team\/canada\/gates-of-olympus\/#breadcrumb","itemListElement":[{"@type":"ListItem","position":1,"name":"Home","item":"https:\/\/spinsamurai.team\/canada\/"},{"@type":"ListItem","position":2,"name":"Gates of Olympus"}]},{"@type":"WebSite","@id":"https:\/\/spinsamurai.team\/canada\/#website","url":"https:\/\/spinsamurai.team\/canada\/","name":"Spinsamurai Team ca","description":"My WordPress Blog","potentialAction":[{"@type":"SearchAction","target":{"@type":"EntryPoint","urlTemplate":"https:\/\/spinsamurai.team\/canada\/?s={search_term_string}"},"query-input":{"@type":"PropertyValueSpecification","valueRequired":true,"valueName":"search_term_string"}}],"inLanguage":"fr-CA"}]}},"_links":{"self":[{"href":"https:\/\/spinsamurai.team\/canada\/wp-json\/wp\/v2\/pages\/546","targetHints":{"allow":["GET"]}}],"collection":[{"href":"https:\/\/spinsamurai.team\/canada\/wp-json\/wp\/v2\/pages"}],"about":[{"href":"https:\/\/spinsamurai.team\/canada\/wp-json\/wp\/v2\/types\/page"}],"author":[{"embeddable":true,"href":"https:\/\/spinsamurai.team\/canada\/wp-json\/wp\/v2\/users\/1"}],"replies":[{"embeddable":true,"href":"https:\/\/spinsamurai.team\/canada\/wp-json\/wp\/v2\/comments?post=546"}],"version-history":[{"count":2,"href":"https:\/\/spinsamurai.team\/canada\/wp-json\/wp\/v2\/pages\/546\/revisions"}],"predecessor-version":[{"id":577,"href":"https:\/\/spinsamurai.team\/canada\/wp-json\/wp\/v2\/pages\/546\/revisions\/577"}],"wp:attachment":[{"href":"https:\/\/spinsamurai.team\/canada\/wp-json\/wp\/v2\/media?parent=546"}],"curies":[{"name":"wp","href":"https:\/\/api.w.org\/{rel}","templated":true}]}}