{"id":549,"date":"2026-02-25T10:39:55","date_gmt":"2026-02-25T10:39:55","guid":{"rendered":"https:\/\/spinsamurai.team\/?page_id=536"},"modified":"2026-03-14T13:39:05","modified_gmt":"2026-03-14T13:39:05","slug":"jetx","status":"publish","type":"page","link":"https:\/\/spinsamurai.team\/canada\/jetx\/","title":{"rendered":"JetX"},"content":{"rendered":"","protected":false},"excerpt":{"rendered":"","protected":false},"author":1,"featured_media":0,"parent":0,"menu_order":0,"comment_status":"closed","ping_status":"closed","template":"","meta":{"footnotes":""},"class_list":["post-549","page","type-page","status-publish","hentry"],"yoast_head":"<!-- This site is optimized with the Yoast SEO plugin v26.5 - https:\/\/yoast.com\/wordpress\/plugins\/seo\/ -->\n<title>\u041e\u0442\u0432\u0435\u0442 GeminiJetX en ligne | SpinSamurai \u2013 Paiements rapides<\/title>\n<meta name=\"description\" content=\"JetX sur SpinSamurai est un jeu de crash en ligne dynamique proposant des options de retrait anticip\u00e9, des multiplicateurs \u00e9lev\u00e9s et des gains instantan\u00e9s. Jouez \u00e0 JetX en ligne d\u00e8s maintenant!\" \/>\n<meta name=\"robots\" content=\"index, follow, max-snippet:-1, max-image-preview:large, max-video-preview:-1\" \/>\n<meta property=\"og:locale\" content=\"fr_CA\" \/>\n<meta property=\"og:type\" content=\"article\" \/>\n<meta property=\"og:title\" content=\"\u041e\u0442\u0432\u0435\u0442 GeminiJetX en ligne | SpinSamurai \u2013 Paiements rapides\" \/>\n<meta property=\"og:description\" content=\"JetX sur SpinSamurai est un jeu de crash en ligne dynamique proposant des options de retrait anticip\u00e9, des multiplicateurs \u00e9lev\u00e9s et des gains instantan\u00e9s. Jouez \u00e0 JetX en ligne d\u00e8s maintenant!\" \/>\n<meta property=\"og:url\" content=\"https:\/\/spinsamurai.team\/canada\/jetx\/\" \/>\n<meta property=\"og:site_name\" content=\"Spinsamurai Team ca\" \/>\n<meta property=\"article:modified_time\" content=\"2026-03-14T13:39:05+00:00\" \/>\n<meta name=\"twitter:card\" content=\"summary_large_image\" \/>\n<script type=\"application\/ld+json\" class=\"yoast-schema-graph\">{\"@context\":\"https:\/\/schema.org\",\"@graph\":[{\"@type\":\"WebPage\",\"@id\":\"https:\/\/spinsamurai.team\/canada\/jetx\/\",\"url\":\"https:\/\/spinsamurai.team\/canada\/jetx\/\",\"name\":\"\u041e\u0442\u0432\u0435\u0442 GeminiJetX en ligne | SpinSamurai \u2013 Paiements rapides\",\"isPartOf\":{\"@id\":\"https:\/\/spinsamurai.team\/canada\/#website\"},\"datePublished\":\"2026-02-25T10:39:55+00:00\",\"dateModified\":\"2026-03-14T13:39:05+00:00\",\"description\":\"JetX sur SpinSamurai est un jeu de crash en ligne dynamique proposant des options de retrait anticip\u00e9, des multiplicateurs \u00e9lev\u00e9s et des gains instantan\u00e9s. Jouez \u00e0 JetX en ligne d\u00e8s maintenant!\",\"breadcrumb\":{\"@id\":\"https:\/\/spinsamurai.team\/canada\/jetx\/#breadcrumb\"},\"inLanguage\":\"fr-CA\",\"potentialAction\":[{\"@type\":\"ReadAction\",\"target\":[\"https:\/\/spinsamurai.team\/canada\/jetx\/\"]}]},{\"@type\":\"BreadcrumbList\",\"@id\":\"https:\/\/spinsamurai.team\/canada\/jetx\/#breadcrumb\",\"itemListElement\":[{\"@type\":\"ListItem\",\"position\":1,\"name\":\"Home\",\"item\":\"https:\/\/spinsamurai.team\/canada\/\"},{\"@type\":\"ListItem\",\"position\":2,\"name\":\"JetX\"}]},{\"@type\":\"WebSite\",\"@id\":\"https:\/\/spinsamurai.team\/canada\/#website\",\"url\":\"https:\/\/spinsamurai.team\/canada\/\",\"name\":\"Spinsamurai Team ca\",\"description\":\"My WordPress Blog\",\"potentialAction\":[{\"@type\":\"SearchAction\",\"target\":{\"@type\":\"EntryPoint\",\"urlTemplate\":\"https:\/\/spinsamurai.team\/canada\/?s={search_term_string}\"},\"query-input\":{\"@type\":\"PropertyValueSpecification\",\"valueRequired\":true,\"valueName\":\"search_term_string\"}}],\"inLanguage\":\"fr-CA\"}]}<\/script>\n<!-- \/ Yoast SEO plugin. -->","yoast_head_json":{"title":"\u041e\u0442\u0432\u0435\u0442 GeminiJetX en ligne | SpinSamurai \u2013 Paiements rapides","description":"JetX sur SpinSamurai est un jeu de crash en ligne dynamique proposant des options de retrait anticip\u00e9, des multiplicateurs \u00e9lev\u00e9s et des gains instantan\u00e9s. Jouez \u00e0 JetX en ligne d\u00e8s maintenant!","robots":{"index":"index","follow":"follow","max-snippet":"max-snippet:-1","max-image-preview":"max-image-preview:large","max-video-preview":"max-video-preview:-1"},"og_locale":"fr_CA","og_type":"article","og_title":"\u041e\u0442\u0432\u0435\u0442 GeminiJetX en ligne | SpinSamurai \u2013 Paiements rapides","og_description":"JetX sur SpinSamurai est un jeu de crash en ligne dynamique proposant des options de retrait anticip\u00e9, des multiplicateurs \u00e9lev\u00e9s et des gains instantan\u00e9s. Jouez \u00e0 JetX en ligne d\u00e8s maintenant!","og_url":"https:\/\/spinsamurai.team\/canada\/jetx\/","og_site_name":"Spinsamurai Team ca","article_modified_time":"2026-03-14T13:39:05+00:00","twitter_card":"summary_large_image","schema":{"@context":"https:\/\/schema.org","@graph":[{"@type":"WebPage","@id":"https:\/\/spinsamurai.team\/canada\/jetx\/","url":"https:\/\/spinsamurai.team\/canada\/jetx\/","name":"\u041e\u0442\u0432\u0435\u0442 GeminiJetX en ligne | SpinSamurai \u2013 Paiements rapides","isPartOf":{"@id":"https:\/\/spinsamurai.team\/canada\/#website"},"datePublished":"2026-02-25T10:39:55+00:00","dateModified":"2026-03-14T13:39:05+00:00","description":"JetX sur SpinSamurai est un jeu de crash en ligne dynamique proposant des options de retrait anticip\u00e9, des multiplicateurs \u00e9lev\u00e9s et des gains instantan\u00e9s. Jouez \u00e0 JetX en ligne d\u00e8s maintenant!","breadcrumb":{"@id":"https:\/\/spinsamurai.team\/canada\/jetx\/#breadcrumb"},"inLanguage":"fr-CA","potentialAction":[{"@type":"ReadAction","target":["https:\/\/spinsamurai.team\/canada\/jetx\/"]}]},{"@type":"BreadcrumbList","@id":"https:\/\/spinsamurai.team\/canada\/jetx\/#breadcrumb","itemListElement":[{"@type":"ListItem","position":1,"name":"Home","item":"https:\/\/spinsamurai.team\/canada\/"},{"@type":"ListItem","position":2,"name":"JetX"}]},{"@type":"WebSite","@id":"https:\/\/spinsamurai.team\/canada\/#website","url":"https:\/\/spinsamurai.team\/canada\/","name":"Spinsamurai Team ca","description":"My WordPress Blog","potentialAction":[{"@type":"SearchAction","target":{"@type":"EntryPoint","urlTemplate":"https:\/\/spinsamurai.team\/canada\/?s={search_term_string}"},"query-input":{"@type":"PropertyValueSpecification","valueRequired":true,"valueName":"search_term_string"}}],"inLanguage":"fr-CA"}]}},"_links":{"self":[{"href":"https:\/\/spinsamurai.team\/canada\/wp-json\/wp\/v2\/pages\/549","targetHints":{"allow":["GET"]}}],"collection":[{"href":"https:\/\/spinsamurai.team\/canada\/wp-json\/wp\/v2\/pages"}],"about":[{"href":"https:\/\/spinsamurai.team\/canada\/wp-json\/wp\/v2\/types\/page"}],"author":[{"embeddable":true,"href":"https:\/\/spinsamurai.team\/canada\/wp-json\/wp\/v2\/users\/1"}],"replies":[{"embeddable":true,"href":"https:\/\/spinsamurai.team\/canada\/wp-json\/wp\/v2\/comments?post=549"}],"version-history":[{"count":3,"href":"https:\/\/spinsamurai.team\/canada\/wp-json\/wp\/v2\/pages\/549\/revisions"}],"predecessor-version":[{"id":574,"href":"https:\/\/spinsamurai.team\/canada\/wp-json\/wp\/v2\/pages\/549\/revisions\/574"}],"wp:attachment":[{"href":"https:\/\/spinsamurai.team\/canada\/wp-json\/wp\/v2\/media?parent=549"}],"curies":[{"name":"wp","href":"https:\/\/api.w.org\/{rel}","templated":true}]}}