{"id":193,"date":"2025-08-22T12:19:16","date_gmt":"2025-08-22T12:19:16","guid":{"rendered":"https:\/\/spinsamurai.team\/de\/?page_id=193"},"modified":"2025-10-04T09:43:17","modified_gmt":"2025-10-04T09:43:17","slug":"app","status":"publish","type":"page","link":"https:\/\/spinsamurai.team\/de\/app\/","title":{"rendered":"App"},"content":{"rendered":"","protected":false},"excerpt":{"rendered":"","protected":false},"author":1,"featured_media":0,"parent":0,"menu_order":0,"comment_status":"closed","ping_status":"closed","template":"","meta":{"footnotes":""},"class_list":["post-193","page","type-page","status-publish","hentry"],"yoast_head":"<!-- This site is optimized with the Yoast SEO plugin v26.5 - https:\/\/yoast.com\/wordpress\/plugins\/seo\/ -->\n<title>Laden Sie die Spin Samurai App f\u00fcr Android und iOS herunter<\/title>\n<meta name=\"description\" content=\"Laden Sie die Spin Samurai App f\u00fcr Android und iOS herunter und genie\u00dfen Sie spannende Casinospiele jederzeit und \u00fcberall! Erhalten Sie exklusive Boni, einfachen Zugang zu Spielautomaten und Tischspielen sowie Support rund um die Uhr.\" \/>\n<meta name=\"robots\" content=\"index, follow, max-snippet:-1, max-image-preview:large, max-video-preview:-1\" \/>\n<meta property=\"og:locale\" content=\"de_DE\" \/>\n<meta property=\"og:type\" content=\"article\" \/>\n<meta property=\"og:title\" content=\"Laden Sie die Spin Samurai App f\u00fcr Android und iOS herunter\" \/>\n<meta property=\"og:description\" content=\"Laden Sie die Spin Samurai App f\u00fcr Android und iOS herunter und genie\u00dfen Sie spannende Casinospiele jederzeit und \u00fcberall! Erhalten Sie exklusive Boni, einfachen Zugang zu Spielautomaten und Tischspielen sowie Support rund um die Uhr.\" \/>\n<meta property=\"og:url\" content=\"https:\/\/spinsamurai.team\/de\/app\/\" \/>\n<meta property=\"og:site_name\" content=\"Spinsamurai Team de\" \/>\n<meta property=\"article:modified_time\" content=\"2025-10-04T09:43:17+00:00\" \/>\n<meta name=\"twitter:card\" content=\"summary_large_image\" \/>\n<script type=\"application\/ld+json\" class=\"yoast-schema-graph\">{\"@context\":\"https:\/\/schema.org\",\"@graph\":[{\"@type\":\"WebPage\",\"@id\":\"https:\/\/spinsamurai.team\/de\/app\/\",\"url\":\"https:\/\/spinsamurai.team\/de\/app\/\",\"name\":\"Laden Sie die Spin Samurai App f\u00fcr Android und iOS herunter\",\"isPartOf\":{\"@id\":\"https:\/\/spinsamurai.team\/de\/#website\"},\"datePublished\":\"2025-08-22T12:19:16+00:00\",\"dateModified\":\"2025-10-04T09:43:17+00:00\",\"description\":\"Laden Sie die Spin Samurai App f\u00fcr Android und iOS herunter und genie\u00dfen Sie spannende Casinospiele jederzeit und \u00fcberall! Erhalten Sie exklusive Boni, einfachen Zugang zu Spielautomaten und Tischspielen sowie Support rund um die Uhr.\",\"breadcrumb\":{\"@id\":\"https:\/\/spinsamurai.team\/de\/app\/#breadcrumb\"},\"inLanguage\":\"de\",\"potentialAction\":[{\"@type\":\"ReadAction\",\"target\":[\"https:\/\/spinsamurai.team\/de\/app\/\"]}]},{\"@type\":\"BreadcrumbList\",\"@id\":\"https:\/\/spinsamurai.team\/de\/app\/#breadcrumb\",\"itemListElement\":[{\"@type\":\"ListItem\",\"position\":1,\"name\":\"Home\",\"item\":\"https:\/\/spinsamurai.team\/de\/\"},{\"@type\":\"ListItem\",\"position\":2,\"name\":\"App\"}]},{\"@type\":\"WebSite\",\"@id\":\"https:\/\/spinsamurai.team\/de\/#website\",\"url\":\"https:\/\/spinsamurai.team\/de\/\",\"name\":\"Spinsamurai Team de\",\"description\":\"My WordPress Blog\",\"potentialAction\":[{\"@type\":\"SearchAction\",\"target\":{\"@type\":\"EntryPoint\",\"urlTemplate\":\"https:\/\/spinsamurai.team\/de\/?s={search_term_string}\"},\"query-input\":{\"@type\":\"PropertyValueSpecification\",\"valueRequired\":true,\"valueName\":\"search_term_string\"}}],\"inLanguage\":\"de\"}]}<\/script>\n<!-- \/ Yoast SEO plugin. -->","yoast_head_json":{"title":"Laden Sie die Spin Samurai App f\u00fcr Android und iOS herunter","description":"Laden Sie die Spin Samurai App f\u00fcr Android und iOS herunter und genie\u00dfen Sie spannende Casinospiele jederzeit und \u00fcberall! Erhalten Sie exklusive Boni, einfachen Zugang zu Spielautomaten und Tischspielen sowie Support rund um die Uhr.","robots":{"index":"index","follow":"follow","max-snippet":"max-snippet:-1","max-image-preview":"max-image-preview:large","max-video-preview":"max-video-preview:-1"},"og_locale":"de_DE","og_type":"article","og_title":"Laden Sie die Spin Samurai App f\u00fcr Android und iOS herunter","og_description":"Laden Sie die Spin Samurai App f\u00fcr Android und iOS herunter und genie\u00dfen Sie spannende Casinospiele jederzeit und \u00fcberall! Erhalten Sie exklusive Boni, einfachen Zugang zu Spielautomaten und Tischspielen sowie Support rund um die Uhr.","og_url":"https:\/\/spinsamurai.team\/de\/app\/","og_site_name":"Spinsamurai Team de","article_modified_time":"2025-10-04T09:43:17+00:00","twitter_card":"summary_large_image","schema":{"@context":"https:\/\/schema.org","@graph":[{"@type":"WebPage","@id":"https:\/\/spinsamurai.team\/de\/app\/","url":"https:\/\/spinsamurai.team\/de\/app\/","name":"Laden Sie die Spin Samurai App f\u00fcr Android und iOS herunter","isPartOf":{"@id":"https:\/\/spinsamurai.team\/de\/#website"},"datePublished":"2025-08-22T12:19:16+00:00","dateModified":"2025-10-04T09:43:17+00:00","description":"Laden Sie die Spin Samurai App f\u00fcr Android und iOS herunter und genie\u00dfen Sie spannende Casinospiele jederzeit und \u00fcberall! Erhalten Sie exklusive Boni, einfachen Zugang zu Spielautomaten und Tischspielen sowie Support rund um die Uhr.","breadcrumb":{"@id":"https:\/\/spinsamurai.team\/de\/app\/#breadcrumb"},"inLanguage":"de","potentialAction":[{"@type":"ReadAction","target":["https:\/\/spinsamurai.team\/de\/app\/"]}]},{"@type":"BreadcrumbList","@id":"https:\/\/spinsamurai.team\/de\/app\/#breadcrumb","itemListElement":[{"@type":"ListItem","position":1,"name":"Home","item":"https:\/\/spinsamurai.team\/de\/"},{"@type":"ListItem","position":2,"name":"App"}]},{"@type":"WebSite","@id":"https:\/\/spinsamurai.team\/de\/#website","url":"https:\/\/spinsamurai.team\/de\/","name":"Spinsamurai Team de","description":"My WordPress Blog","potentialAction":[{"@type":"SearchAction","target":{"@type":"EntryPoint","urlTemplate":"https:\/\/spinsamurai.team\/de\/?s={search_term_string}"},"query-input":{"@type":"PropertyValueSpecification","valueRequired":true,"valueName":"search_term_string"}}],"inLanguage":"de"}]}},"_links":{"self":[{"href":"https:\/\/spinsamurai.team\/de\/wp-json\/wp\/v2\/pages\/193","targetHints":{"allow":["GET"]}}],"collection":[{"href":"https:\/\/spinsamurai.team\/de\/wp-json\/wp\/v2\/pages"}],"about":[{"href":"https:\/\/spinsamurai.team\/de\/wp-json\/wp\/v2\/types\/page"}],"author":[{"embeddable":true,"href":"https:\/\/spinsamurai.team\/de\/wp-json\/wp\/v2\/users\/1"}],"replies":[{"embeddable":true,"href":"https:\/\/spinsamurai.team\/de\/wp-json\/wp\/v2\/comments?post=193"}],"version-history":[{"count":9,"href":"https:\/\/spinsamurai.team\/de\/wp-json\/wp\/v2\/pages\/193\/revisions"}],"predecessor-version":[{"id":414,"href":"https:\/\/spinsamurai.team\/de\/wp-json\/wp\/v2\/pages\/193\/revisions\/414"}],"wp:attachment":[{"href":"https:\/\/spinsamurai.team\/de\/wp-json\/wp\/v2\/media?parent=193"}],"curies":[{"name":"wp","href":"https:\/\/api.w.org\/{rel}","templated":true}]}}