{"id":230,"date":"2025-08-25T09:54:01","date_gmt":"2025-08-25T09:54:01","guid":{"rendered":"https:\/\/spinsamurai.team\/de\/?page_id=230"},"modified":"2025-10-06T15:25:20","modified_gmt":"2025-10-06T15:25:20","slug":"no-deposit-bonus","status":"publish","type":"page","link":"https:\/\/spinsamurai.team\/de\/no-deposit-bonus\/","title":{"rendered":"Kein Einzahlungsbonus"},"content":{"rendered":"","protected":false},"excerpt":{"rendered":"","protected":false},"author":1,"featured_media":0,"parent":0,"menu_order":0,"comment_status":"closed","ping_status":"closed","template":"","meta":{"footnotes":""},"class_list":["post-230","page","type-page","status-publish","hentry"],"yoast_head":"<!-- This site is optimized with the Yoast SEO plugin v26.5 - https:\/\/yoast.com\/wordpress\/plugins\/seo\/ -->\n<title>Spin Samurai Bonus ohne Einzahlung | Holen Sie sich jetzt Ihre Gratispr\u00e4mien!<\/title>\n<meta name=\"description\" content=\"Maximieren Sie Ihr Spielerlebnis im SpinSamurai Casino mit exklusiven Bonusangeboten ohne Einzahlung! Wie k\u00f6nnen Sie Ihre Freispiele und Bargeldboni noch heute anfordern? Verpassen Sie nicht die besten Angebote, die f\u00fcr neue Spieler verf\u00fcgbar sind!\" \/>\n<meta name=\"robots\" content=\"index, follow, max-snippet:-1, max-image-preview:large, max-video-preview:-1\" \/>\n<meta property=\"og:locale\" content=\"de_DE\" \/>\n<meta property=\"og:type\" content=\"article\" \/>\n<meta property=\"og:title\" content=\"Spin Samurai Bonus ohne Einzahlung | Holen Sie sich jetzt Ihre Gratispr\u00e4mien!\" \/>\n<meta property=\"og:description\" content=\"Maximieren Sie Ihr Spielerlebnis im SpinSamurai Casino mit exklusiven Bonusangeboten ohne Einzahlung! Wie k\u00f6nnen Sie Ihre Freispiele und Bargeldboni noch heute anfordern? Verpassen Sie nicht die besten Angebote, die f\u00fcr neue Spieler verf\u00fcgbar sind!\" \/>\n<meta property=\"og:url\" content=\"https:\/\/spinsamurai.team\/de\/no-deposit-bonus\/\" \/>\n<meta property=\"og:site_name\" content=\"Spinsamurai Team de\" \/>\n<meta property=\"article:modified_time\" content=\"2025-10-06T15:25:20+00:00\" \/>\n<meta name=\"twitter:card\" content=\"summary_large_image\" \/>\n<script type=\"application\/ld+json\" class=\"yoast-schema-graph\">{\"@context\":\"https:\/\/schema.org\",\"@graph\":[{\"@type\":\"WebPage\",\"@id\":\"https:\/\/spinsamurai.team\/de\/no-deposit-bonus\/\",\"url\":\"https:\/\/spinsamurai.team\/de\/no-deposit-bonus\/\",\"name\":\"Spin Samurai Bonus ohne Einzahlung | Holen Sie sich jetzt Ihre Gratispr\u00e4mien!\",\"isPartOf\":{\"@id\":\"https:\/\/spinsamurai.team\/de\/#website\"},\"datePublished\":\"2025-08-25T09:54:01+00:00\",\"dateModified\":\"2025-10-06T15:25:20+00:00\",\"description\":\"Maximieren Sie Ihr Spielerlebnis im SpinSamurai Casino mit exklusiven Bonusangeboten ohne Einzahlung! Wie k\u00f6nnen Sie Ihre Freispiele und Bargeldboni noch heute anfordern? Verpassen Sie nicht die besten Angebote, die f\u00fcr neue Spieler verf\u00fcgbar sind!\",\"breadcrumb\":{\"@id\":\"https:\/\/spinsamurai.team\/de\/no-deposit-bonus\/#breadcrumb\"},\"inLanguage\":\"de\",\"potentialAction\":[{\"@type\":\"ReadAction\",\"target\":[\"https:\/\/spinsamurai.team\/de\/no-deposit-bonus\/\"]}]},{\"@type\":\"BreadcrumbList\",\"@id\":\"https:\/\/spinsamurai.team\/de\/no-deposit-bonus\/#breadcrumb\",\"itemListElement\":[{\"@type\":\"ListItem\",\"position\":1,\"name\":\"Home\",\"item\":\"https:\/\/spinsamurai.team\/de\/\"},{\"@type\":\"ListItem\",\"position\":2,\"name\":\"Kein Einzahlungsbonus\"}]},{\"@type\":\"WebSite\",\"@id\":\"https:\/\/spinsamurai.team\/de\/#website\",\"url\":\"https:\/\/spinsamurai.team\/de\/\",\"name\":\"Spinsamurai Team de\",\"description\":\"My WordPress Blog\",\"potentialAction\":[{\"@type\":\"SearchAction\",\"target\":{\"@type\":\"EntryPoint\",\"urlTemplate\":\"https:\/\/spinsamurai.team\/de\/?s={search_term_string}\"},\"query-input\":{\"@type\":\"PropertyValueSpecification\",\"valueRequired\":true,\"valueName\":\"search_term_string\"}}],\"inLanguage\":\"de\"}]}<\/script>\n<!-- \/ Yoast SEO plugin. -->","yoast_head_json":{"title":"Spin Samurai Bonus ohne Einzahlung | Holen Sie sich jetzt Ihre Gratispr\u00e4mien!","description":"Maximieren Sie Ihr Spielerlebnis im SpinSamurai Casino mit exklusiven Bonusangeboten ohne Einzahlung! Wie k\u00f6nnen Sie Ihre Freispiele und Bargeldboni noch heute anfordern? Verpassen Sie nicht die besten Angebote, die f\u00fcr neue Spieler verf\u00fcgbar sind!","robots":{"index":"index","follow":"follow","max-snippet":"max-snippet:-1","max-image-preview":"max-image-preview:large","max-video-preview":"max-video-preview:-1"},"og_locale":"de_DE","og_type":"article","og_title":"Spin Samurai Bonus ohne Einzahlung | Holen Sie sich jetzt Ihre Gratispr\u00e4mien!","og_description":"Maximieren Sie Ihr Spielerlebnis im SpinSamurai Casino mit exklusiven Bonusangeboten ohne Einzahlung! Wie k\u00f6nnen Sie Ihre Freispiele und Bargeldboni noch heute anfordern? Verpassen Sie nicht die besten Angebote, die f\u00fcr neue Spieler verf\u00fcgbar sind!","og_url":"https:\/\/spinsamurai.team\/de\/no-deposit-bonus\/","og_site_name":"Spinsamurai Team de","article_modified_time":"2025-10-06T15:25:20+00:00","twitter_card":"summary_large_image","schema":{"@context":"https:\/\/schema.org","@graph":[{"@type":"WebPage","@id":"https:\/\/spinsamurai.team\/de\/no-deposit-bonus\/","url":"https:\/\/spinsamurai.team\/de\/no-deposit-bonus\/","name":"Spin Samurai Bonus ohne Einzahlung | Holen Sie sich jetzt Ihre Gratispr\u00e4mien!","isPartOf":{"@id":"https:\/\/spinsamurai.team\/de\/#website"},"datePublished":"2025-08-25T09:54:01+00:00","dateModified":"2025-10-06T15:25:20+00:00","description":"Maximieren Sie Ihr Spielerlebnis im SpinSamurai Casino mit exklusiven Bonusangeboten ohne Einzahlung! Wie k\u00f6nnen Sie Ihre Freispiele und Bargeldboni noch heute anfordern? Verpassen Sie nicht die besten Angebote, die f\u00fcr neue Spieler verf\u00fcgbar sind!","breadcrumb":{"@id":"https:\/\/spinsamurai.team\/de\/no-deposit-bonus\/#breadcrumb"},"inLanguage":"de","potentialAction":[{"@type":"ReadAction","target":["https:\/\/spinsamurai.team\/de\/no-deposit-bonus\/"]}]},{"@type":"BreadcrumbList","@id":"https:\/\/spinsamurai.team\/de\/no-deposit-bonus\/#breadcrumb","itemListElement":[{"@type":"ListItem","position":1,"name":"Home","item":"https:\/\/spinsamurai.team\/de\/"},{"@type":"ListItem","position":2,"name":"Kein Einzahlungsbonus"}]},{"@type":"WebSite","@id":"https:\/\/spinsamurai.team\/de\/#website","url":"https:\/\/spinsamurai.team\/de\/","name":"Spinsamurai Team de","description":"My WordPress Blog","potentialAction":[{"@type":"SearchAction","target":{"@type":"EntryPoint","urlTemplate":"https:\/\/spinsamurai.team\/de\/?s={search_term_string}"},"query-input":{"@type":"PropertyValueSpecification","valueRequired":true,"valueName":"search_term_string"}}],"inLanguage":"de"}]}},"_links":{"self":[{"href":"https:\/\/spinsamurai.team\/de\/wp-json\/wp\/v2\/pages\/230","targetHints":{"allow":["GET"]}}],"collection":[{"href":"https:\/\/spinsamurai.team\/de\/wp-json\/wp\/v2\/pages"}],"about":[{"href":"https:\/\/spinsamurai.team\/de\/wp-json\/wp\/v2\/types\/page"}],"author":[{"embeddable":true,"href":"https:\/\/spinsamurai.team\/de\/wp-json\/wp\/v2\/users\/1"}],"replies":[{"embeddable":true,"href":"https:\/\/spinsamurai.team\/de\/wp-json\/wp\/v2\/comments?post=230"}],"version-history":[{"count":8,"href":"https:\/\/spinsamurai.team\/de\/wp-json\/wp\/v2\/pages\/230\/revisions"}],"predecessor-version":[{"id":437,"href":"https:\/\/spinsamurai.team\/de\/wp-json\/wp\/v2\/pages\/230\/revisions\/437"}],"wp:attachment":[{"href":"https:\/\/spinsamurai.team\/de\/wp-json\/wp\/v2\/media?parent=230"}],"curies":[{"name":"wp","href":"https:\/\/api.w.org\/{rel}","templated":true}]}}