{"id":348,"date":"2025-09-13T11:22:40","date_gmt":"2025-09-13T11:22:40","guid":{"rendered":"https:\/\/spinsamurai.team\/fi\/?page_id=348"},"modified":"2025-09-28T13:04:57","modified_gmt":"2025-09-28T13:04:57","slug":"deposit","status":"publish","type":"page","link":"https:\/\/spinsamurai.team\/fi\/deposit\/","title":{"rendered":"Talletus"},"content":{"rendered":"","protected":false},"excerpt":{"rendered":"","protected":false},"author":1,"featured_media":0,"parent":0,"menu_order":0,"comment_status":"closed","ping_status":"closed","template":"","meta":{"footnotes":""},"class_list":["post-348","page","type-page","status-publish","hentry"],"yoast_head":"<!-- This site is optimized with the Yoast SEO plugin v26.5 - https:\/\/yoast.com\/wordpress\/plugins\/seo\/ -->\n<title>Spin Samurai talletusopas | Hanki bonuksia ja voita isosti nyt<\/title>\n<meta name=\"description\" content=\"Katso, kuinka helppoa on lis\u00e4t\u00e4 rahaa tilillesi Spin Samuraissa: v\u00e4litt\u00f6m\u00e4t maksut kortilla, e-lompakolla ja kryptovaluutalla ilman kuluja.\" \/>\n<meta name=\"robots\" content=\"index, follow, max-snippet:-1, max-image-preview:large, max-video-preview:-1\" \/>\n<meta property=\"og:locale\" content=\"fi_FI\" \/>\n<meta property=\"og:type\" content=\"article\" \/>\n<meta property=\"og:title\" content=\"Spin Samurai talletusopas | Hanki bonuksia ja voita isosti nyt\" \/>\n<meta property=\"og:description\" content=\"Katso, kuinka helppoa on lis\u00e4t\u00e4 rahaa tilillesi Spin Samuraissa: v\u00e4litt\u00f6m\u00e4t maksut kortilla, e-lompakolla ja kryptovaluutalla ilman kuluja.\" \/>\n<meta property=\"og:url\" content=\"https:\/\/spinsamurai.team\/fi\/deposit\/\" \/>\n<meta property=\"og:site_name\" content=\"Spinsamurai Team fi\" \/>\n<meta property=\"article:modified_time\" content=\"2025-09-28T13:04:57+00:00\" \/>\n<meta name=\"twitter:card\" content=\"summary_large_image\" \/>\n<script type=\"application\/ld+json\" class=\"yoast-schema-graph\">{\"@context\":\"https:\/\/schema.org\",\"@graph\":[{\"@type\":\"WebPage\",\"@id\":\"https:\/\/spinsamurai.team\/fi\/deposit\/\",\"url\":\"https:\/\/spinsamurai.team\/fi\/deposit\/\",\"name\":\"Spin Samurai talletusopas | Hanki bonuksia ja voita isosti nyt\",\"isPartOf\":{\"@id\":\"https:\/\/spinsamurai.team\/fi\/#website\"},\"datePublished\":\"2025-09-13T11:22:40+00:00\",\"dateModified\":\"2025-09-28T13:04:57+00:00\",\"description\":\"Katso, kuinka helppoa on lis\u00e4t\u00e4 rahaa tilillesi Spin Samuraissa: v\u00e4litt\u00f6m\u00e4t maksut kortilla, e-lompakolla ja kryptovaluutalla ilman kuluja.\",\"breadcrumb\":{\"@id\":\"https:\/\/spinsamurai.team\/fi\/deposit\/#breadcrumb\"},\"inLanguage\":\"fi\",\"potentialAction\":[{\"@type\":\"ReadAction\",\"target\":[\"https:\/\/spinsamurai.team\/fi\/deposit\/\"]}]},{\"@type\":\"BreadcrumbList\",\"@id\":\"https:\/\/spinsamurai.team\/fi\/deposit\/#breadcrumb\",\"itemListElement\":[{\"@type\":\"ListItem\",\"position\":1,\"name\":\"Home\",\"item\":\"https:\/\/spinsamurai.team\/fi\/\"},{\"@type\":\"ListItem\",\"position\":2,\"name\":\"Talletus\"}]},{\"@type\":\"WebSite\",\"@id\":\"https:\/\/spinsamurai.team\/fi\/#website\",\"url\":\"https:\/\/spinsamurai.team\/fi\/\",\"name\":\"Spinsamurai Team fi\",\"description\":\"My WordPress Blog\",\"potentialAction\":[{\"@type\":\"SearchAction\",\"target\":{\"@type\":\"EntryPoint\",\"urlTemplate\":\"https:\/\/spinsamurai.team\/fi\/?s={search_term_string}\"},\"query-input\":{\"@type\":\"PropertyValueSpecification\",\"valueRequired\":true,\"valueName\":\"search_term_string\"}}],\"inLanguage\":\"fi\"}]}<\/script>\n<!-- \/ Yoast SEO plugin. -->","yoast_head_json":{"title":"Spin Samurai talletusopas | Hanki bonuksia ja voita isosti nyt","description":"Katso, kuinka helppoa on lis\u00e4t\u00e4 rahaa tilillesi Spin Samuraissa: v\u00e4litt\u00f6m\u00e4t maksut kortilla, e-lompakolla ja kryptovaluutalla ilman kuluja.","robots":{"index":"index","follow":"follow","max-snippet":"max-snippet:-1","max-image-preview":"max-image-preview:large","max-video-preview":"max-video-preview:-1"},"og_locale":"fi_FI","og_type":"article","og_title":"Spin Samurai talletusopas | Hanki bonuksia ja voita isosti nyt","og_description":"Katso, kuinka helppoa on lis\u00e4t\u00e4 rahaa tilillesi Spin Samuraissa: v\u00e4litt\u00f6m\u00e4t maksut kortilla, e-lompakolla ja kryptovaluutalla ilman kuluja.","og_url":"https:\/\/spinsamurai.team\/fi\/deposit\/","og_site_name":"Spinsamurai Team fi","article_modified_time":"2025-09-28T13:04:57+00:00","twitter_card":"summary_large_image","schema":{"@context":"https:\/\/schema.org","@graph":[{"@type":"WebPage","@id":"https:\/\/spinsamurai.team\/fi\/deposit\/","url":"https:\/\/spinsamurai.team\/fi\/deposit\/","name":"Spin Samurai talletusopas | Hanki bonuksia ja voita isosti nyt","isPartOf":{"@id":"https:\/\/spinsamurai.team\/fi\/#website"},"datePublished":"2025-09-13T11:22:40+00:00","dateModified":"2025-09-28T13:04:57+00:00","description":"Katso, kuinka helppoa on lis\u00e4t\u00e4 rahaa tilillesi Spin Samuraissa: v\u00e4litt\u00f6m\u00e4t maksut kortilla, e-lompakolla ja kryptovaluutalla ilman kuluja.","breadcrumb":{"@id":"https:\/\/spinsamurai.team\/fi\/deposit\/#breadcrumb"},"inLanguage":"fi","potentialAction":[{"@type":"ReadAction","target":["https:\/\/spinsamurai.team\/fi\/deposit\/"]}]},{"@type":"BreadcrumbList","@id":"https:\/\/spinsamurai.team\/fi\/deposit\/#breadcrumb","itemListElement":[{"@type":"ListItem","position":1,"name":"Home","item":"https:\/\/spinsamurai.team\/fi\/"},{"@type":"ListItem","position":2,"name":"Talletus"}]},{"@type":"WebSite","@id":"https:\/\/spinsamurai.team\/fi\/#website","url":"https:\/\/spinsamurai.team\/fi\/","name":"Spinsamurai Team fi","description":"My WordPress Blog","potentialAction":[{"@type":"SearchAction","target":{"@type":"EntryPoint","urlTemplate":"https:\/\/spinsamurai.team\/fi\/?s={search_term_string}"},"query-input":{"@type":"PropertyValueSpecification","valueRequired":true,"valueName":"search_term_string"}}],"inLanguage":"fi"}]}},"_links":{"self":[{"href":"https:\/\/spinsamurai.team\/fi\/wp-json\/wp\/v2\/pages\/348","targetHints":{"allow":["GET"]}}],"collection":[{"href":"https:\/\/spinsamurai.team\/fi\/wp-json\/wp\/v2\/pages"}],"about":[{"href":"https:\/\/spinsamurai.team\/fi\/wp-json\/wp\/v2\/types\/page"}],"author":[{"embeddable":true,"href":"https:\/\/spinsamurai.team\/fi\/wp-json\/wp\/v2\/users\/1"}],"replies":[{"embeddable":true,"href":"https:\/\/spinsamurai.team\/fi\/wp-json\/wp\/v2\/comments?post=348"}],"version-history":[{"count":9,"href":"https:\/\/spinsamurai.team\/fi\/wp-json\/wp\/v2\/pages\/348\/revisions"}],"predecessor-version":[{"id":431,"href":"https:\/\/spinsamurai.team\/fi\/wp-json\/wp\/v2\/pages\/348\/revisions\/431"}],"wp:attachment":[{"href":"https:\/\/spinsamurai.team\/fi\/wp-json\/wp\/v2\/media?parent=348"}],"curies":[{"name":"wp","href":"https:\/\/api.w.org\/{rel}","templated":true}]}}