{"id":533,"date":"2026-02-25T10:28:21","date_gmt":"2026-02-25T10:28:21","guid":{"rendered":"https:\/\/spinsamurai.team\/?page_id=533"},"modified":"2026-03-15T16:23:14","modified_gmt":"2026-03-15T16:23:14","slug":"mines","status":"publish","type":"page","link":"https:\/\/spinsamurai.team\/fi\/mines\/","title":{"rendered":"Mines"},"content":{"rendered":"","protected":false},"excerpt":{"rendered":"","protected":false},"author":1,"featured_media":0,"parent":0,"menu_order":0,"comment_status":"closed","ping_status":"closed","template":"","meta":{"footnotes":""},"class_list":["post-533","page","type-page","status-publish","hentry"],"yoast_head":"<!-- This site is optimized with the Yoast SEO plugin v26.5 - https:\/\/yoast.com\/wordpress\/plugins\/seo\/ -->\n<title>Kasinopelit verkossa SpinSamuraissa \u2013 Nopeat maksut<\/title>\n<meta name=\"description\" content=\"Mines at SpinSamurai on dynaaminen online-peli, jossa on joustavat panokset, korkea voittopotentiaali ja v\u00e4litt\u00f6m\u00e4t voitot.\" \/>\n<meta name=\"robots\" content=\"index, follow, max-snippet:-1, max-image-preview:large, max-video-preview:-1\" \/>\n<meta property=\"og:locale\" content=\"fi_FI\" \/>\n<meta property=\"og:type\" content=\"article\" \/>\n<meta property=\"og:title\" content=\"Kasinopelit verkossa SpinSamuraissa \u2013 Nopeat maksut\" \/>\n<meta property=\"og:description\" content=\"Mines at SpinSamurai on dynaaminen online-peli, jossa on joustavat panokset, korkea voittopotentiaali ja v\u00e4litt\u00f6m\u00e4t voitot.\" \/>\n<meta property=\"og:url\" content=\"https:\/\/spinsamurai.team\/fi\/mines\/\" \/>\n<meta property=\"og:site_name\" content=\"Spinsamurai Team fi\" \/>\n<meta property=\"article:modified_time\" content=\"2026-03-15T16:23:14+00:00\" \/>\n<meta name=\"twitter:card\" content=\"summary_large_image\" \/>\n<script type=\"application\/ld+json\" class=\"yoast-schema-graph\">{\"@context\":\"https:\/\/schema.org\",\"@graph\":[{\"@type\":\"WebPage\",\"@id\":\"https:\/\/spinsamurai.team\/fi\/mines\/\",\"url\":\"https:\/\/spinsamurai.team\/fi\/mines\/\",\"name\":\"Kasinopelit verkossa SpinSamuraissa \u2013 Nopeat maksut\",\"isPartOf\":{\"@id\":\"https:\/\/spinsamurai.team\/fi\/#website\"},\"datePublished\":\"2026-02-25T10:28:21+00:00\",\"dateModified\":\"2026-03-15T16:23:14+00:00\",\"description\":\"Mines at SpinSamurai on dynaaminen online-peli, jossa on joustavat panokset, korkea voittopotentiaali ja v\u00e4litt\u00f6m\u00e4t voitot.\",\"breadcrumb\":{\"@id\":\"https:\/\/spinsamurai.team\/fi\/mines\/#breadcrumb\"},\"inLanguage\":\"fi\",\"potentialAction\":[{\"@type\":\"ReadAction\",\"target\":[\"https:\/\/spinsamurai.team\/fi\/mines\/\"]}]},{\"@type\":\"BreadcrumbList\",\"@id\":\"https:\/\/spinsamurai.team\/fi\/mines\/#breadcrumb\",\"itemListElement\":[{\"@type\":\"ListItem\",\"position\":1,\"name\":\"Home\",\"item\":\"https:\/\/spinsamurai.team\/fi\/\"},{\"@type\":\"ListItem\",\"position\":2,\"name\":\"Mines\"}]},{\"@type\":\"WebSite\",\"@id\":\"https:\/\/spinsamurai.team\/fi\/#website\",\"url\":\"https:\/\/spinsamurai.team\/fi\/\",\"name\":\"Spinsamurai Team fi\",\"description\":\"My WordPress Blog\",\"potentialAction\":[{\"@type\":\"SearchAction\",\"target\":{\"@type\":\"EntryPoint\",\"urlTemplate\":\"https:\/\/spinsamurai.team\/fi\/?s={search_term_string}\"},\"query-input\":{\"@type\":\"PropertyValueSpecification\",\"valueRequired\":true,\"valueName\":\"search_term_string\"}}],\"inLanguage\":\"fi\"}]}<\/script>\n<!-- \/ Yoast SEO plugin. -->","yoast_head_json":{"title":"Kasinopelit verkossa SpinSamuraissa \u2013 Nopeat maksut","description":"Mines at SpinSamurai on dynaaminen online-peli, jossa on joustavat panokset, korkea voittopotentiaali ja v\u00e4litt\u00f6m\u00e4t voitot.","robots":{"index":"index","follow":"follow","max-snippet":"max-snippet:-1","max-image-preview":"max-image-preview:large","max-video-preview":"max-video-preview:-1"},"og_locale":"fi_FI","og_type":"article","og_title":"Kasinopelit verkossa SpinSamuraissa \u2013 Nopeat maksut","og_description":"Mines at SpinSamurai on dynaaminen online-peli, jossa on joustavat panokset, korkea voittopotentiaali ja v\u00e4litt\u00f6m\u00e4t voitot.","og_url":"https:\/\/spinsamurai.team\/fi\/mines\/","og_site_name":"Spinsamurai Team fi","article_modified_time":"2026-03-15T16:23:14+00:00","twitter_card":"summary_large_image","schema":{"@context":"https:\/\/schema.org","@graph":[{"@type":"WebPage","@id":"https:\/\/spinsamurai.team\/fi\/mines\/","url":"https:\/\/spinsamurai.team\/fi\/mines\/","name":"Kasinopelit verkossa SpinSamuraissa \u2013 Nopeat maksut","isPartOf":{"@id":"https:\/\/spinsamurai.team\/fi\/#website"},"datePublished":"2026-02-25T10:28:21+00:00","dateModified":"2026-03-15T16:23:14+00:00","description":"Mines at SpinSamurai on dynaaminen online-peli, jossa on joustavat panokset, korkea voittopotentiaali ja v\u00e4litt\u00f6m\u00e4t voitot.","breadcrumb":{"@id":"https:\/\/spinsamurai.team\/fi\/mines\/#breadcrumb"},"inLanguage":"fi","potentialAction":[{"@type":"ReadAction","target":["https:\/\/spinsamurai.team\/fi\/mines\/"]}]},{"@type":"BreadcrumbList","@id":"https:\/\/spinsamurai.team\/fi\/mines\/#breadcrumb","itemListElement":[{"@type":"ListItem","position":1,"name":"Home","item":"https:\/\/spinsamurai.team\/fi\/"},{"@type":"ListItem","position":2,"name":"Mines"}]},{"@type":"WebSite","@id":"https:\/\/spinsamurai.team\/fi\/#website","url":"https:\/\/spinsamurai.team\/fi\/","name":"Spinsamurai Team fi","description":"My WordPress Blog","potentialAction":[{"@type":"SearchAction","target":{"@type":"EntryPoint","urlTemplate":"https:\/\/spinsamurai.team\/fi\/?s={search_term_string}"},"query-input":{"@type":"PropertyValueSpecification","valueRequired":true,"valueName":"search_term_string"}}],"inLanguage":"fi"}]}},"_links":{"self":[{"href":"https:\/\/spinsamurai.team\/fi\/wp-json\/wp\/v2\/pages\/533","targetHints":{"allow":["GET"]}}],"collection":[{"href":"https:\/\/spinsamurai.team\/fi\/wp-json\/wp\/v2\/pages"}],"about":[{"href":"https:\/\/spinsamurai.team\/fi\/wp-json\/wp\/v2\/types\/page"}],"author":[{"embeddable":true,"href":"https:\/\/spinsamurai.team\/fi\/wp-json\/wp\/v2\/users\/1"}],"replies":[{"embeddable":true,"href":"https:\/\/spinsamurai.team\/fi\/wp-json\/wp\/v2\/comments?post=533"}],"version-history":[{"count":3,"href":"https:\/\/spinsamurai.team\/fi\/wp-json\/wp\/v2\/pages\/533\/revisions"}],"predecessor-version":[{"id":577,"href":"https:\/\/spinsamurai.team\/fi\/wp-json\/wp\/v2\/pages\/533\/revisions\/577"}],"wp:attachment":[{"href":"https:\/\/spinsamurai.team\/fi\/wp-json\/wp\/v2\/media?parent=533"}],"curies":[{"name":"wp","href":"https:\/\/api.w.org\/{rel}","templated":true}]}}