{"id":334,"date":"2025-09-13T05:55:43","date_gmt":"2025-09-13T05:55:43","guid":{"rendered":"https:\/\/spinsamurai.team\/no\/?page_id=334"},"modified":"2025-09-19T17:06:20","modified_gmt":"2025-09-19T17:06:20","slug":"withdrawal","status":"publish","type":"page","link":"https:\/\/spinsamurai.team\/no\/withdrawal\/","title":{"rendered":"Tilbaketrekking"},"content":{"rendered":"","protected":false},"excerpt":{"rendered":"","protected":false},"author":1,"featured_media":0,"parent":0,"menu_order":0,"comment_status":"closed","ping_status":"closed","template":"","meta":{"footnotes":""},"class_list":["post-334","page","type-page","status-publish","hentry"],"yoast_head":"<!-- This site is optimized with the Yoast SEO plugin v26.5 - https:\/\/yoast.com\/wordpress\/plugins\/seo\/ -->\n<title>Hvordan ta ut gevinstene dine uten problemer hos Spin Samurai<\/title>\n<meta name=\"description\" content=\"Hvordan ta ut gevinstene dine fra Spin Samurai raskt: praktiske betalingsmetoder uten gebyrer, \u00f8yeblikkelige overf\u00f8ringer og kundest\u00f8tte.\" \/>\n<meta name=\"robots\" content=\"index, follow, max-snippet:-1, max-image-preview:large, max-video-preview:-1\" \/>\n<meta property=\"og:locale\" content=\"nn_NO\" \/>\n<meta property=\"og:type\" content=\"article\" \/>\n<meta property=\"og:title\" content=\"Hvordan ta ut gevinstene dine uten problemer hos Spin Samurai\" \/>\n<meta property=\"og:description\" content=\"Hvordan ta ut gevinstene dine fra Spin Samurai raskt: praktiske betalingsmetoder uten gebyrer, \u00f8yeblikkelige overf\u00f8ringer og kundest\u00f8tte.\" \/>\n<meta property=\"og:url\" content=\"https:\/\/spinsamurai.team\/no\/withdrawal\/\" \/>\n<meta property=\"og:site_name\" content=\"Spinsamurai Team no\" \/>\n<meta property=\"article:modified_time\" content=\"2025-09-19T17:06:20+00:00\" \/>\n<meta name=\"twitter:card\" content=\"summary_large_image\" \/>\n<script type=\"application\/ld+json\" class=\"yoast-schema-graph\">{\"@context\":\"https:\/\/schema.org\",\"@graph\":[{\"@type\":\"WebPage\",\"@id\":\"https:\/\/spinsamurai.team\/no\/withdrawal\/\",\"url\":\"https:\/\/spinsamurai.team\/no\/withdrawal\/\",\"name\":\"Hvordan ta ut gevinstene dine uten problemer hos Spin Samurai\",\"isPartOf\":{\"@id\":\"https:\/\/spinsamurai.team\/no\/#website\"},\"datePublished\":\"2025-09-13T05:55:43+00:00\",\"dateModified\":\"2025-09-19T17:06:20+00:00\",\"description\":\"Hvordan ta ut gevinstene dine fra Spin Samurai raskt: praktiske betalingsmetoder uten gebyrer, \u00f8yeblikkelige overf\u00f8ringer og kundest\u00f8tte.\",\"breadcrumb\":{\"@id\":\"https:\/\/spinsamurai.team\/no\/withdrawal\/#breadcrumb\"},\"inLanguage\":\"nn-NO\",\"potentialAction\":[{\"@type\":\"ReadAction\",\"target\":[\"https:\/\/spinsamurai.team\/no\/withdrawal\/\"]}]},{\"@type\":\"BreadcrumbList\",\"@id\":\"https:\/\/spinsamurai.team\/no\/withdrawal\/#breadcrumb\",\"itemListElement\":[{\"@type\":\"ListItem\",\"position\":1,\"name\":\"Home\",\"item\":\"https:\/\/spinsamurai.team\/no\/\"},{\"@type\":\"ListItem\",\"position\":2,\"name\":\"Tilbaketrekking\"}]},{\"@type\":\"WebSite\",\"@id\":\"https:\/\/spinsamurai.team\/no\/#website\",\"url\":\"https:\/\/spinsamurai.team\/no\/\",\"name\":\"Spinsamurai Team no\",\"description\":\"My WordPress Blog\",\"potentialAction\":[{\"@type\":\"SearchAction\",\"target\":{\"@type\":\"EntryPoint\",\"urlTemplate\":\"https:\/\/spinsamurai.team\/no\/?s={search_term_string}\"},\"query-input\":{\"@type\":\"PropertyValueSpecification\",\"valueRequired\":true,\"valueName\":\"search_term_string\"}}],\"inLanguage\":\"nn-NO\"}]}<\/script>\n<!-- \/ Yoast SEO plugin. -->","yoast_head_json":{"title":"Hvordan ta ut gevinstene dine uten problemer hos Spin Samurai","description":"Hvordan ta ut gevinstene dine fra Spin Samurai raskt: praktiske betalingsmetoder uten gebyrer, \u00f8yeblikkelige overf\u00f8ringer og kundest\u00f8tte.","robots":{"index":"index","follow":"follow","max-snippet":"max-snippet:-1","max-image-preview":"max-image-preview:large","max-video-preview":"max-video-preview:-1"},"og_locale":"nn_NO","og_type":"article","og_title":"Hvordan ta ut gevinstene dine uten problemer hos Spin Samurai","og_description":"Hvordan ta ut gevinstene dine fra Spin Samurai raskt: praktiske betalingsmetoder uten gebyrer, \u00f8yeblikkelige overf\u00f8ringer og kundest\u00f8tte.","og_url":"https:\/\/spinsamurai.team\/no\/withdrawal\/","og_site_name":"Spinsamurai Team no","article_modified_time":"2025-09-19T17:06:20+00:00","twitter_card":"summary_large_image","schema":{"@context":"https:\/\/schema.org","@graph":[{"@type":"WebPage","@id":"https:\/\/spinsamurai.team\/no\/withdrawal\/","url":"https:\/\/spinsamurai.team\/no\/withdrawal\/","name":"Hvordan ta ut gevinstene dine uten problemer hos Spin Samurai","isPartOf":{"@id":"https:\/\/spinsamurai.team\/no\/#website"},"datePublished":"2025-09-13T05:55:43+00:00","dateModified":"2025-09-19T17:06:20+00:00","description":"Hvordan ta ut gevinstene dine fra Spin Samurai raskt: praktiske betalingsmetoder uten gebyrer, \u00f8yeblikkelige overf\u00f8ringer og kundest\u00f8tte.","breadcrumb":{"@id":"https:\/\/spinsamurai.team\/no\/withdrawal\/#breadcrumb"},"inLanguage":"nn-NO","potentialAction":[{"@type":"ReadAction","target":["https:\/\/spinsamurai.team\/no\/withdrawal\/"]}]},{"@type":"BreadcrumbList","@id":"https:\/\/spinsamurai.team\/no\/withdrawal\/#breadcrumb","itemListElement":[{"@type":"ListItem","position":1,"name":"Home","item":"https:\/\/spinsamurai.team\/no\/"},{"@type":"ListItem","position":2,"name":"Tilbaketrekking"}]},{"@type":"WebSite","@id":"https:\/\/spinsamurai.team\/no\/#website","url":"https:\/\/spinsamurai.team\/no\/","name":"Spinsamurai Team no","description":"My WordPress Blog","potentialAction":[{"@type":"SearchAction","target":{"@type":"EntryPoint","urlTemplate":"https:\/\/spinsamurai.team\/no\/?s={search_term_string}"},"query-input":{"@type":"PropertyValueSpecification","valueRequired":true,"valueName":"search_term_string"}}],"inLanguage":"nn-NO"}]}},"_links":{"self":[{"href":"https:\/\/spinsamurai.team\/no\/wp-json\/wp\/v2\/pages\/334","targetHints":{"allow":["GET"]}}],"collection":[{"href":"https:\/\/spinsamurai.team\/no\/wp-json\/wp\/v2\/pages"}],"about":[{"href":"https:\/\/spinsamurai.team\/no\/wp-json\/wp\/v2\/types\/page"}],"author":[{"embeddable":true,"href":"https:\/\/spinsamurai.team\/no\/wp-json\/wp\/v2\/users\/1"}],"replies":[{"embeddable":true,"href":"https:\/\/spinsamurai.team\/no\/wp-json\/wp\/v2\/comments?post=334"}],"version-history":[{"count":10,"href":"https:\/\/spinsamurai.team\/no\/wp-json\/wp\/v2\/pages\/334\/revisions"}],"predecessor-version":[{"id":497,"href":"https:\/\/spinsamurai.team\/no\/wp-json\/wp\/v2\/pages\/334\/revisions\/497"}],"wp:attachment":[{"href":"https:\/\/spinsamurai.team\/no\/wp-json\/wp\/v2\/media?parent=334"}],"curies":[{"name":"wp","href":"https:\/\/api.w.org\/{rel}","templated":true}]}}