{"id":536,"date":"2026-02-25T10:39:55","date_gmt":"2026-02-25T10:39:55","guid":{"rendered":"https:\/\/spinsamurai.team\/?page_id=536"},"modified":"2026-03-15T16:26:23","modified_gmt":"2026-03-15T16:26:23","slug":"jetx","status":"publish","type":"page","link":"https:\/\/spinsamurai.team\/no\/jetx\/","title":{"rendered":"JetX"},"content":{"rendered":"","protected":false},"excerpt":{"rendered":"","protected":false},"author":1,"featured_media":0,"parent":0,"menu_order":0,"comment_status":"closed","ping_status":"closed","template":"","meta":{"footnotes":""},"class_list":["post-536","page","type-page","status-publish","hentry"],"yoast_head":"<!-- This site is optimized with the Yoast SEO plugin v26.5 - https:\/\/yoast.com\/wordpress\/plugins\/seo\/ -->\n<title>JetX Online | SpinSamurai \u2013 Raske uttak og h\u00f8ye multiplikatorer<\/title>\n<meta name=\"description\" content=\"JetX hos SpinSamurai er et dynamisk crash-spill p\u00e5 nettet med mulighet for tidlig utbetaling, h\u00f8ye multiplikatorer og \u00f8yeblikkelige utbetalinger. Spill JetX p\u00e5 nettet n\u00e5!\" \/>\n<meta name=\"robots\" content=\"index, follow, max-snippet:-1, max-image-preview:large, max-video-preview:-1\" \/>\n<meta property=\"og:locale\" content=\"nn_NO\" \/>\n<meta property=\"og:type\" content=\"article\" \/>\n<meta property=\"og:title\" content=\"JetX Online | SpinSamurai \u2013 Raske uttak og h\u00f8ye multiplikatorer\" \/>\n<meta property=\"og:description\" content=\"JetX hos SpinSamurai er et dynamisk crash-spill p\u00e5 nettet med mulighet for tidlig utbetaling, h\u00f8ye multiplikatorer og \u00f8yeblikkelige utbetalinger. Spill JetX p\u00e5 nettet n\u00e5!\" \/>\n<meta property=\"og:url\" content=\"https:\/\/spinsamurai.team\/no\/jetx\/\" \/>\n<meta property=\"og:site_name\" content=\"Spinsamurai Team no\" \/>\n<meta property=\"article:modified_time\" content=\"2026-03-15T16:26:23+00:00\" \/>\n<meta name=\"twitter:card\" content=\"summary_large_image\" \/>\n<script type=\"application\/ld+json\" class=\"yoast-schema-graph\">{\"@context\":\"https:\/\/schema.org\",\"@graph\":[{\"@type\":\"WebPage\",\"@id\":\"https:\/\/spinsamurai.team\/no\/jetx\/\",\"url\":\"https:\/\/spinsamurai.team\/no\/jetx\/\",\"name\":\"JetX Online | SpinSamurai \u2013 Raske uttak og h\u00f8ye multiplikatorer\",\"isPartOf\":{\"@id\":\"https:\/\/spinsamurai.team\/no\/#website\"},\"datePublished\":\"2026-02-25T10:39:55+00:00\",\"dateModified\":\"2026-03-15T16:26:23+00:00\",\"description\":\"JetX hos SpinSamurai er et dynamisk crash-spill p\u00e5 nettet med mulighet for tidlig utbetaling, h\u00f8ye multiplikatorer og \u00f8yeblikkelige utbetalinger. Spill JetX p\u00e5 nettet n\u00e5!\",\"breadcrumb\":{\"@id\":\"https:\/\/spinsamurai.team\/no\/jetx\/#breadcrumb\"},\"inLanguage\":\"nn-NO\",\"potentialAction\":[{\"@type\":\"ReadAction\",\"target\":[\"https:\/\/spinsamurai.team\/no\/jetx\/\"]}]},{\"@type\":\"BreadcrumbList\",\"@id\":\"https:\/\/spinsamurai.team\/no\/jetx\/#breadcrumb\",\"itemListElement\":[{\"@type\":\"ListItem\",\"position\":1,\"name\":\"Home\",\"item\":\"https:\/\/spinsamurai.team\/no\/\"},{\"@type\":\"ListItem\",\"position\":2,\"name\":\"JetX\"}]},{\"@type\":\"WebSite\",\"@id\":\"https:\/\/spinsamurai.team\/no\/#website\",\"url\":\"https:\/\/spinsamurai.team\/no\/\",\"name\":\"Spinsamurai Team no\",\"description\":\"My WordPress Blog\",\"potentialAction\":[{\"@type\":\"SearchAction\",\"target\":{\"@type\":\"EntryPoint\",\"urlTemplate\":\"https:\/\/spinsamurai.team\/no\/?s={search_term_string}\"},\"query-input\":{\"@type\":\"PropertyValueSpecification\",\"valueRequired\":true,\"valueName\":\"search_term_string\"}}],\"inLanguage\":\"nn-NO\"}]}<\/script>\n<!-- \/ Yoast SEO plugin. -->","yoast_head_json":{"title":"JetX Online | SpinSamurai \u2013 Raske uttak og h\u00f8ye multiplikatorer","description":"JetX hos SpinSamurai er et dynamisk crash-spill p\u00e5 nettet med mulighet for tidlig utbetaling, h\u00f8ye multiplikatorer og \u00f8yeblikkelige utbetalinger. Spill JetX p\u00e5 nettet n\u00e5!","robots":{"index":"index","follow":"follow","max-snippet":"max-snippet:-1","max-image-preview":"max-image-preview:large","max-video-preview":"max-video-preview:-1"},"og_locale":"nn_NO","og_type":"article","og_title":"JetX Online | SpinSamurai \u2013 Raske uttak og h\u00f8ye multiplikatorer","og_description":"JetX hos SpinSamurai er et dynamisk crash-spill p\u00e5 nettet med mulighet for tidlig utbetaling, h\u00f8ye multiplikatorer og \u00f8yeblikkelige utbetalinger. Spill JetX p\u00e5 nettet n\u00e5!","og_url":"https:\/\/spinsamurai.team\/no\/jetx\/","og_site_name":"Spinsamurai Team no","article_modified_time":"2026-03-15T16:26:23+00:00","twitter_card":"summary_large_image","schema":{"@context":"https:\/\/schema.org","@graph":[{"@type":"WebPage","@id":"https:\/\/spinsamurai.team\/no\/jetx\/","url":"https:\/\/spinsamurai.team\/no\/jetx\/","name":"JetX Online | SpinSamurai \u2013 Raske uttak og h\u00f8ye multiplikatorer","isPartOf":{"@id":"https:\/\/spinsamurai.team\/no\/#website"},"datePublished":"2026-02-25T10:39:55+00:00","dateModified":"2026-03-15T16:26:23+00:00","description":"JetX hos SpinSamurai er et dynamisk crash-spill p\u00e5 nettet med mulighet for tidlig utbetaling, h\u00f8ye multiplikatorer og \u00f8yeblikkelige utbetalinger. Spill JetX p\u00e5 nettet n\u00e5!","breadcrumb":{"@id":"https:\/\/spinsamurai.team\/no\/jetx\/#breadcrumb"},"inLanguage":"nn-NO","potentialAction":[{"@type":"ReadAction","target":["https:\/\/spinsamurai.team\/no\/jetx\/"]}]},{"@type":"BreadcrumbList","@id":"https:\/\/spinsamurai.team\/no\/jetx\/#breadcrumb","itemListElement":[{"@type":"ListItem","position":1,"name":"Home","item":"https:\/\/spinsamurai.team\/no\/"},{"@type":"ListItem","position":2,"name":"JetX"}]},{"@type":"WebSite","@id":"https:\/\/spinsamurai.team\/no\/#website","url":"https:\/\/spinsamurai.team\/no\/","name":"Spinsamurai Team no","description":"My WordPress Blog","potentialAction":[{"@type":"SearchAction","target":{"@type":"EntryPoint","urlTemplate":"https:\/\/spinsamurai.team\/no\/?s={search_term_string}"},"query-input":{"@type":"PropertyValueSpecification","valueRequired":true,"valueName":"search_term_string"}}],"inLanguage":"nn-NO"}]}},"_links":{"self":[{"href":"https:\/\/spinsamurai.team\/no\/wp-json\/wp\/v2\/pages\/536","targetHints":{"allow":["GET"]}}],"collection":[{"href":"https:\/\/spinsamurai.team\/no\/wp-json\/wp\/v2\/pages"}],"about":[{"href":"https:\/\/spinsamurai.team\/no\/wp-json\/wp\/v2\/types\/page"}],"author":[{"embeddable":true,"href":"https:\/\/spinsamurai.team\/no\/wp-json\/wp\/v2\/users\/1"}],"replies":[{"embeddable":true,"href":"https:\/\/spinsamurai.team\/no\/wp-json\/wp\/v2\/comments?post=536"}],"version-history":[{"count":1,"href":"https:\/\/spinsamurai.team\/no\/wp-json\/wp\/v2\/pages\/536\/revisions"}],"predecessor-version":[{"id":561,"href":"https:\/\/spinsamurai.team\/no\/wp-json\/wp\/v2\/pages\/536\/revisions\/561"}],"wp:attachment":[{"href":"https:\/\/spinsamurai.team\/no\/wp-json\/wp\/v2\/media?parent=536"}],"curies":[{"name":"wp","href":"https:\/\/api.w.org\/{rel}","templated":true}]}}